{"id":812425,"date":"2026-03-17T14:21:07","date_gmt":"2026-03-17T18:21:07","guid":{"rendered":"https:\/\/www.cia-ica.ca\/?page_id=812425"},"modified":"2026-03-17T14:21:12","modified_gmt":"2026-03-17T18:21:12","slug":"regle-12-obligations-paralleles-reponse-aux-demandes-de-renseignements-processus-disciplinaire","status":"publish","type":"page","link":"https:\/\/www.cia-ica.ca\/fr\/etre-membre\/les-regles-de-deontologie-et-leur-importance\/regle-12-obligations-paralleles-reponse-aux-demandes-de-renseignements-processus-disciplinaire\/","title":{"rendered":"R\u00e8gle\u202f12\u202f:\u00a0Obligations\u00a0parall\u00e8les\u00a0(r\u00e9ponse aux demandes de renseignements \u2013\u00a0processus disciplinaire)\u00a0"},"content":{"rendered":"\n<div style=\"height:42px\" aria-hidden=\"true\" class=\"wp-block-spacer\"><\/div>\n\n\n\n<div class=\"wp-block-media-text is-stacked-on-mobile\"><figure class=\"wp-block-media-text__media\"><img loading=\"lazy\" decoding=\"async\" width=\"520\" height=\"293\" src=\"https:\/\/www.cia-ica.ca\/app\/uploads\/2026\/03\/Intro-rule-12.webp\" alt=\"People in a work meeting. \" class=\"wp-image-812417 size-full\" srcset=\"https:\/\/www.cia-ica.ca\/app\/uploads\/2026\/03\/Intro-rule-12.webp 520w, https:\/\/www.cia-ica.ca\/app\/uploads\/2026\/03\/Intro-rule-12-300x169.webp 300w, https:\/\/www.cia-ica.ca\/app\/uploads\/2026\/03\/Intro-rule-12-355x200.webp 355w\" sizes=\"auto, (max-width: 520px) 100vw, 520px\" \/><\/figure><div class=\"wp-block-media-text__content\">\n<h2 class=\"wp-block-heading\" id=\"h-faire-des-enquetes-disciplinaires-une-priorite-nbsp\"><strong>Faire des enqu\u00eates disciplinaires une priorit\u00e9&nbsp;<\/strong><\/h2>\n\n\n\n<p>L\u2019ICA vise \u00e0 mener ses enqu\u00eates de la mani\u00e8re la plus \u00e9quitable et efficace possible. La R\u00e8gle\u202f12 \u00e9nonce que les membres doivent coop\u00e9rer compl\u00e8tement et promptement aux enqu\u00eates sur la conduite professionnelle men\u00e9es par les organes disciplinaires de l\u2019ICA et leurs membres.<\/p>\n<\/div><\/div>\n\n\n\n<div style=\"height:70px\" aria-hidden=\"true\" class=\"wp-block-spacer\"><\/div>\n\n\n\n<h2 class=\"wp-block-heading has-text-align-center\" id=\"h-l-importance-de-la-regle-12-nbsp\">L\u2019importance de la R\u00e8gle\u202f12&nbsp;<\/h2>\n\n\n\n<div style=\"height:29px\" aria-hidden=\"true\" class=\"wp-block-spacer\"><\/div>\n\n\n\n<div class=\"wp-block-group\"><div class=\"wp-block-group__inner-container is-layout-constrained wp-block-group-is-layout-constrained\">\n<div class=\"wp-block-columns is-layout-flex wp-container-core-columns-is-layout-1 wp-block-columns-is-layout-flex\">\n<div class=\"wp-block-column is-layout-flow wp-block-column-is-layout-flow\"><div class=\"wp-block-image\">\n<figure class=\"aligncenter size-full\"><img loading=\"lazy\" decoding=\"async\" width=\"50\" height=\"50\" src=\"https:\/\/www.cia-ica.ca\/app\/uploads\/2026\/03\/icon-portability-1.png\" alt=\"Decorative icon\" class=\"wp-image-811868\"\/><\/figure><\/div>\n\n\n<p class=\"has-text-align-center\"><strong><strong>Assure l\u2019\u00e9quit\u00e9 dans les processus disciplinaires <\/strong>&nbsp;<\/strong><br>En exigeant une r\u00e9ponse prompte et sinc\u00e8re, les organes disciplinaires peuvent mener des enqu\u00eates \u00e9quitables et efficaces. Cela renforce le principe selon lequel les membres sont assujettis \u00e0 la surveillance et \u00e0 la responsabilit\u00e9 de l\u2019ICA. <\/p>\n<\/div>\n\n\n\n<div class=\"wp-block-column is-layout-flow wp-block-column-is-layout-flow\"><div class=\"wp-block-image\">\n<figure class=\"aligncenter size-full\"><img loading=\"lazy\" decoding=\"async\" width=\"50\" height=\"50\" src=\"https:\/\/www.cia-ica.ca\/app\/uploads\/2026\/03\/icon-portability-1.png\" alt=\"Decorative icon\" class=\"wp-image-811868\"\/><\/figure><\/div>\n\n\n<p class=\"has-text-align-center\"><strong><strong>T\u00e9moigne d\u2019un souci de transparence<\/strong>&nbsp;<\/strong><br>Une collaboration et une divulgation totales garantissent l\u2019exactitude des informations utilis\u00e9es dans les enqu\u00eates. Les parties prenantes peuvent donc \u00eatre assur\u00e9es que l\u2019ICA abordera toute inconduite avec rigueur et transparence.<\/p>\n<\/div>\n\n\n\n<div class=\"wp-block-column is-layout-flow wp-block-column-is-layout-flow\"><div class=\"wp-block-image\">\n<figure class=\"aligncenter size-full\"><img loading=\"lazy\" decoding=\"async\" width=\"50\" height=\"50\" src=\"https:\/\/www.cia-ica.ca\/app\/uploads\/2026\/03\/icon-portability-1.png\" alt=\"Decorative icon\" class=\"wp-image-811868\"\/><\/figure><\/div>\n\n\n<p class=\"has-text-align-center\"><strong><strong>\u00c9vite des pr\u00e9judices additionnels<\/strong>&nbsp;<\/strong><br>Cette r\u00e8gle r\u00e9sout les probl\u00e8mes susceptibles de nuire aux clients, aux employeurs ou au public, tout en favorisant des r\u00e9sultats rapides et \u00e9quitables pour toutes les parties concern\u00e9es. Elle pr\u00e9vient les retards qui pourraient laisser des comportements non \u00e9thiques s\u2019installer sans surveillance.<\/p>\n<\/div>\n<\/div>\n\n\n\n<div class=\"wp-block-columns is-layout-flex wp-container-core-columns-is-layout-2 wp-block-columns-is-layout-flex\">\n<div class=\"wp-block-column is-layout-flow wp-block-column-is-layout-flow\"><div class=\"wp-block-image\">\n<figure class=\"aligncenter size-full\"><img loading=\"lazy\" decoding=\"async\" width=\"50\" height=\"50\" src=\"https:\/\/www.cia-ica.ca\/app\/uploads\/2026\/03\/icon-portability-1.png\" alt=\"Decorative icon\" class=\"wp-image-811868\"\/><\/figure><\/div>\n\n\n<p class=\"has-text-align-center\"><strong><strong>Renforce la cr\u00e9dibilit\u00e9<\/strong><\/strong><br>L\u2019obligation pour les membres de r\u00e9pondre aux demandes de renseignements \u00e9manant des organes disciplinaires et d\u2019en faire une priorit\u00e9 renforce la cr\u00e9dibilit\u00e9 du processus disciplinaire de l\u2019ICA.<\/p>\n<\/div>\n\n\n\n<div class=\"wp-block-column is-layout-flow wp-block-column-is-layout-flow\">\n<p class=\"has-text-align-center\"><\/p>\n<\/div>\n\n\n\n<div class=\"wp-block-column is-layout-flow wp-block-column-is-layout-flow\">\n<p class=\"has-text-align-center\"><\/p>\n<\/div>\n<\/div>\n<\/div><\/div>\n\n\n\n<div style=\"height:70px\" aria-hidden=\"true\" class=\"wp-block-spacer\"><\/div>\n\n\n\n<div id=\"background-boxes\" class=\"wp-block-group has-background\" style=\"background-color:#f2f2f3\"><div class=\"wp-block-group__inner-container is-layout-constrained wp-block-group-is-layout-constrained\">\n<h2 class=\"wp-block-heading has-text-align-center\" id=\"h-ce-que-la-regle-12-nbsp-implique-pour-les-membres-nbsp\"><strong>Ce que la R\u00e8gle\u202f12&nbsp;implique pour les membres&nbsp;<\/strong><\/h2>\n\n\n\n<div class=\"wp-block-columns is-layout-flex wp-container-core-columns-is-layout-3 wp-block-columns-is-layout-flex\">\n<div class=\"wp-block-column has-white-background-color has-background is-layout-flow wp-block-column-is-layout-flow\">\n<figure class=\"wp-block-image size-full\"><img loading=\"lazy\" decoding=\"async\" width=\"378\" height=\"173\" src=\"https:\/\/www.cia-ica.ca\/app\/uploads\/2026\/03\/1-10.webp\" alt=\"Three women reviewing something on a tablet. \" class=\"wp-image-812409\" srcset=\"https:\/\/www.cia-ica.ca\/app\/uploads\/2026\/03\/1-10.webp 378w, https:\/\/www.cia-ica.ca\/app\/uploads\/2026\/03\/1-10-300x137.webp 300w\" sizes=\"auto, (max-width: 378px) 100vw, 378px\" \/><\/figure>\n\n\n\n<p><strong><strong>Vous avez l\u2019obligation de r\u00e9pondre<\/strong>&nbsp;<\/strong><br>Si l\u2019on vous intime dans le cadre d\u2019un processus disciplinaire, vous n\u2019avez pas le droit de garder le silence. Vous devez collaborer pleinement \u00e0 l\u2019enqu\u00eate. Tout refus de le faire pourrait entra\u00eener des retards, des frais juridiques additionnels et des frais pour infraction \u00e0 la R\u00e8gle\u202f12.<\/p>\n<\/div>\n\n\n\n<div class=\"wp-block-column has-white-background-color has-background is-layout-flow wp-block-column-is-layout-flow\">\n<figure class=\"wp-block-image size-full\"><img loading=\"lazy\" decoding=\"async\" width=\"378\" height=\"173\" src=\"https:\/\/www.cia-ica.ca\/app\/uploads\/2026\/03\/2-10.webp\" alt=\"A woman smiling in a work meeting. \" class=\"wp-image-812411\" srcset=\"https:\/\/www.cia-ica.ca\/app\/uploads\/2026\/03\/2-10.webp 378w, https:\/\/www.cia-ica.ca\/app\/uploads\/2026\/03\/2-10-300x137.webp 300w\" sizes=\"auto, (max-width: 378px) 100vw, 378px\" \/><\/figure>\n\n\n\n<p><strong><strong>La collaboration favorise des r\u00e9sultats rapides et \u00e9quitables<\/strong>&nbsp;<\/strong><br>Votre collaboration prompte et compl\u00e8te acc\u00e9l\u00e8re la r\u00e9solution des probl\u00e8mes susceptibles de nuire aux clients, aux employeurs ou au public. Elle r\u00e9duit aussi les risques de poursuites pour entrave ou de mesures disciplinaires suppl\u00e9mentaires.<\/p>\n<\/div>\n\n\n\n<div class=\"wp-block-column has-white-background-color has-background is-layout-flow wp-block-column-is-layout-flow\">\n<figure class=\"wp-block-image size-full\"><img loading=\"lazy\" decoding=\"async\" width=\"378\" height=\"173\" src=\"https:\/\/www.cia-ica.ca\/app\/uploads\/2026\/03\/3-10.webp\" alt=\"A man explains something on a big screen to a group of people. \" class=\"wp-image-812413\" srcset=\"https:\/\/www.cia-ica.ca\/app\/uploads\/2026\/03\/3-10.webp 378w, https:\/\/www.cia-ica.ca\/app\/uploads\/2026\/03\/3-10-300x137.webp 300w\" sizes=\"auto, (max-width: 378px) 100vw, 378px\" \/><\/figure>\n\n\n\n<p><strong><strong>Il est d\u00e9conseill\u00e9 de refuser de collaborer<\/strong>&nbsp;<\/strong><br>La collaboration est attendue. Votre refus de fournir les informations demand\u00e9es pourrait \u00eatre retenu contre vous lors de l\u2019examen de la plainte.<\/p>\n<\/div>\n<\/div>\n<\/div><\/div>\n\n\n\n<div style=\"height:70px\" aria-hidden=\"true\" class=\"wp-block-spacer\"><\/div>\n\n\n\n<h2 class=\"wp-block-heading has-text-align-center\" id=\"h-consulter-les-autres-regles-nbsp\"><strong>Consulter les autres R\u00e8gles<\/strong>&nbsp;<\/h2>\n\n\n\n<div class=\"wp-block-group\"><div class=\"wp-block-group__inner-container is-layout-constrained wp-block-group-is-layout-constrained\">\n<div class=\"wp-block-columns is-layout-flex wp-container-core-columns-is-layout-4 wp-block-columns-is-layout-flex\">\n<div class=\"wp-block-column is-layout-flow wp-block-column-is-layout-flow\"><div class=\"wp-block-image\">\n<figure class=\"aligncenter size-full is-resized\"><img loading=\"lazy\" decoding=\"async\" width=\"190\" height=\"190\" src=\"https:\/\/www.cia-ica.ca\/app\/uploads\/2026\/03\/rule1.png\" alt=\"Decorative icon\" class=\"wp-image-811786\" style=\"width:190px;height:auto\" srcset=\"https:\/\/www.cia-ica.ca\/app\/uploads\/2026\/03\/rule1.png 190w, https:\/\/www.cia-ica.ca\/app\/uploads\/2026\/03\/rule1-150x150.png 150w, https:\/\/www.cia-ica.ca\/app\/uploads\/2026\/03\/rule1-100x100.png 100w\" sizes=\"auto, (max-width: 190px) 100vw, 190px\" \/><\/figure><\/div>\n\n\n<p class=\"has-text-align-center\"><strong><strong>R\u00e8gle<\/strong>&nbsp;1<\/strong><br><a href=\"https:\/\/www.cia-ica.ca\/fr\/etre-membre\/les-regles-de-deontologie-et-leur-importance\/regle-1-integrite-professionnelle\/\">Int\u00e9grit\u00e9 professionnelle<\/a><\/p>\n<\/div>\n\n\n\n<div class=\"wp-block-column is-layout-flow wp-block-column-is-layout-flow\"><div class=\"wp-block-image\">\n<figure class=\"aligncenter size-full\"><img loading=\"lazy\" decoding=\"async\" width=\"190\" height=\"190\" src=\"https:\/\/www.cia-ica.ca\/app\/uploads\/2026\/03\/rule2.png\" alt=\"Decorative icon \" class=\"wp-image-811788\" srcset=\"https:\/\/www.cia-ica.ca\/app\/uploads\/2026\/03\/rule2.png 190w, https:\/\/www.cia-ica.ca\/app\/uploads\/2026\/03\/rule2-150x150.png 150w, https:\/\/www.cia-ica.ca\/app\/uploads\/2026\/03\/rule2-100x100.png 100w\" sizes=\"auto, (max-width: 190px) 100vw, 190px\" \/><\/figure><\/div>\n\n\n<p class=\"has-text-align-center\"><strong><strong>R\u00e8gle 2<\/strong><\/strong><br><a href=\"https:\/\/www.cia-ica.ca\/fr\/etre-membre\/les-regles-de-deontologie-et-leur-importance\/regle-2-normes-de-qualification\/\">Normes de qualification<\/a>&nbsp;<\/p>\n<\/div>\n\n\n\n<div class=\"wp-block-column is-layout-flow wp-block-column-is-layout-flow\"><div class=\"wp-block-image\">\n<figure class=\"aligncenter size-full is-resized\"><img loading=\"lazy\" decoding=\"async\" width=\"190\" height=\"190\" src=\"https:\/\/www.cia-ica.ca\/app\/uploads\/2026\/03\/rule3.png\" alt=\"Decorative icon\" class=\"wp-image-811790\" style=\"width:190px;height:auto\" srcset=\"https:\/\/www.cia-ica.ca\/app\/uploads\/2026\/03\/rule3.png 190w, https:\/\/www.cia-ica.ca\/app\/uploads\/2026\/03\/rule3-150x150.png 150w, https:\/\/www.cia-ica.ca\/app\/uploads\/2026\/03\/rule3-100x100.png 100w\" sizes=\"auto, (max-width: 190px) 100vw, 190px\" \/><\/figure><\/div>\n\n\n<p class=\"has-text-align-center\"><strong><strong>R\u00e8gle<\/strong>&nbsp;3<\/strong><br><a href=\"https:\/\/www.cia-ica.ca\/fr\/etre-membre\/les-regles-de-deontologie-et-leur-importance\/regle-3-normes-de-pratique\/\">Normes de pratique<\/a><\/p>\n<\/div>\n<\/div>\n\n\n\n<div class=\"wp-block-columns is-layout-flex wp-container-core-columns-is-layout-5 wp-block-columns-is-layout-flex\">\n<div class=\"wp-block-column is-layout-flow wp-block-column-is-layout-flow\"><div class=\"wp-block-image\">\n<figure class=\"aligncenter size-full is-resized\"><img loading=\"lazy\" decoding=\"async\" width=\"190\" height=\"190\" src=\"https:\/\/www.cia-ica.ca\/app\/uploads\/2026\/03\/rule4.png\" alt=\"Decorative icon\" class=\"wp-image-811792\" style=\"width:190px;height:auto\" srcset=\"https:\/\/www.cia-ica.ca\/app\/uploads\/2026\/03\/rule4.png 190w, https:\/\/www.cia-ica.ca\/app\/uploads\/2026\/03\/rule4-150x150.png 150w, https:\/\/www.cia-ica.ca\/app\/uploads\/2026\/03\/rule4-100x100.png 100w\" sizes=\"auto, (max-width: 190px) 100vw, 190px\" \/><\/figure><\/div>\n\n\n<p class=\"has-text-align-center\"><strong><strong>R\u00e8gle<\/strong>&nbsp;4<\/strong><br><a href=\"https:\/\/www.cia-ica.ca\/fr\/etre-membre\/les-regles-de-deontologie-et-leur-importance\/regle-4-divulgation\/\">Divulgation<\/a>&nbsp;<\/p>\n<\/div>\n\n\n\n<div class=\"wp-block-column is-layout-flow wp-block-column-is-layout-flow\"><div class=\"wp-block-image\">\n<figure class=\"aligncenter size-full\"><img loading=\"lazy\" decoding=\"async\" width=\"190\" height=\"190\" src=\"https:\/\/www.cia-ica.ca\/app\/uploads\/2026\/03\/rule5.png\" alt=\"Decorative icon\" class=\"wp-image-811794\" srcset=\"https:\/\/www.cia-ica.ca\/app\/uploads\/2026\/03\/rule5.png 190w, https:\/\/www.cia-ica.ca\/app\/uploads\/2026\/03\/rule5-150x150.png 150w, https:\/\/www.cia-ica.ca\/app\/uploads\/2026\/03\/rule5-100x100.png 100w\" sizes=\"auto, (max-width: 190px) 100vw, 190px\" \/><\/figure><\/div>\n\n\n<p class=\"has-text-align-center\"><strong><strong>R\u00e8gle<\/strong>&nbsp;5<\/strong><br><a href=\"https:\/\/www.cia-ica.ca\/fr\/etre-membre\/les-regles-de-deontologie-et-leur-importance\/regle-5-conflits-dinterets\/\">Conflits d\u2019int\u00e9r\u00eats<\/a>&nbsp;<\/p>\n<\/div>\n\n\n\n<div class=\"wp-block-column is-layout-flow wp-block-column-is-layout-flow\"><div class=\"wp-block-image\">\n<figure class=\"aligncenter size-full is-resized\"><img loading=\"lazy\" decoding=\"async\" width=\"190\" height=\"190\" src=\"https:\/\/www.cia-ica.ca\/app\/uploads\/2026\/03\/rule6.png\" alt=\"Decorative icon\" class=\"wp-image-811796\" style=\"width:190px;height:auto\" srcset=\"https:\/\/www.cia-ica.ca\/app\/uploads\/2026\/03\/rule6.png 190w, https:\/\/www.cia-ica.ca\/app\/uploads\/2026\/03\/rule6-150x150.png 150w, https:\/\/www.cia-ica.ca\/app\/uploads\/2026\/03\/rule6-100x100.png 100w\" sizes=\"auto, (max-width: 190px) 100vw, 190px\" \/><\/figure><\/div>\n\n\n<p class=\"has-text-align-center\"><strong><strong>R\u00e8gle<\/strong>&nbsp;6<\/strong><br><a href=\"https:\/\/www.cia-ica.ca\/fr\/etre-membre\/les-regles-de-deontologie-et-leur-importance\/regle-6-controle-du-produit\/\">Contr\u00f4le du produit<\/a>&nbsp;&nbsp;<\/p>\n<\/div>\n<\/div>\n\n\n\n<div class=\"wp-block-columns is-layout-flex wp-container-core-columns-is-layout-6 wp-block-columns-is-layout-flex\">\n<div class=\"wp-block-column is-layout-flow wp-block-column-is-layout-flow\"><div class=\"wp-block-image\">\n<figure class=\"aligncenter size-full is-resized\"><img loading=\"lazy\" decoding=\"async\" width=\"190\" height=\"190\" src=\"https:\/\/www.cia-ica.ca\/app\/uploads\/2026\/03\/rule7.png\" alt=\"Decorative icon\" class=\"wp-image-811798\" style=\"width:190px;height:auto\" srcset=\"https:\/\/www.cia-ica.ca\/app\/uploads\/2026\/03\/rule7.png 190w, https:\/\/www.cia-ica.ca\/app\/uploads\/2026\/03\/rule7-150x150.png 150w, https:\/\/www.cia-ica.ca\/app\/uploads\/2026\/03\/rule7-100x100.png 100w\" sizes=\"auto, (max-width: 190px) 100vw, 190px\" \/><\/figure><\/div>\n\n\n<p class=\"has-text-align-center\"><strong><strong>R\u00e8gle<\/strong>&nbsp;7<\/strong><br><a href=\"https:\/\/www.cia-ica.ca\/fr\/regle-7-confidentialite\/\">Confidentialit\u00e9<\/a>&nbsp;<\/p>\n<\/div>\n\n\n\n<div class=\"wp-block-column is-layout-flow wp-block-column-is-layout-flow\"><div class=\"wp-block-image\">\n<figure class=\"aligncenter size-full\"><img loading=\"lazy\" decoding=\"async\" width=\"190\" height=\"190\" src=\"https:\/\/www.cia-ica.ca\/app\/uploads\/2026\/03\/rule8.png\" alt=\"Decorative icon\" class=\"wp-image-811800\" srcset=\"https:\/\/www.cia-ica.ca\/app\/uploads\/2026\/03\/rule8.png 190w, https:\/\/www.cia-ica.ca\/app\/uploads\/2026\/03\/rule8-150x150.png 150w, https:\/\/www.cia-ica.ca\/app\/uploads\/2026\/03\/rule8-100x100.png 100w\" sizes=\"auto, (max-width: 190px) 100vw, 190px\" \/><\/figure><\/div>\n\n\n<p class=\"has-text-align-center\"><strong><strong>R\u00e8gle<\/strong>&nbsp;8<\/strong><br><a href=\"https:\/\/www.cia-ica.ca\/fr\/etre-membre\/les-regles-de-deontologie-et-leur-importance\/regle-8-courtoisie-et-collaboration\/\">Courtoisie et collaboration<\/a>&nbsp;<\/p>\n<\/div>\n\n\n\n<div class=\"wp-block-column is-layout-flow wp-block-column-is-layout-flow\"><div class=\"wp-block-image\">\n<figure class=\"aligncenter size-full is-resized\"><img loading=\"lazy\" decoding=\"async\" width=\"190\" height=\"190\" src=\"https:\/\/www.cia-ica.ca\/app\/uploads\/2026\/03\/rule9.png\" alt=\"Decorative icon \" class=\"wp-image-811803\" style=\"width:190px;height:auto\" srcset=\"https:\/\/www.cia-ica.ca\/app\/uploads\/2026\/03\/rule9.png 190w, https:\/\/www.cia-ica.ca\/app\/uploads\/2026\/03\/rule9-150x150.png 150w, https:\/\/www.cia-ica.ca\/app\/uploads\/2026\/03\/rule9-100x100.png 100w\" sizes=\"auto, (max-width: 190px) 100vw, 190px\" \/><\/figure><\/div>\n\n\n<p class=\"has-text-align-center\"><strong><strong>R\u00e8gle<\/strong>&nbsp;9<\/strong><br><a href=\"https:\/\/www.cia-ica.ca\/fr\/etre-membre\/les-regles-de-deontologie-et-leur-importance\/regle-9-publicite\/\">Publicit\u00e9<\/a>&nbsp;&nbsp;<\/p>\n<\/div>\n<\/div>\n\n\n\n<div class=\"wp-block-columns is-layout-flex wp-container-core-columns-is-layout-7 wp-block-columns-is-layout-flex\">\n<div class=\"wp-block-column is-layout-flow wp-block-column-is-layout-flow\"><div class=\"wp-block-image\">\n<figure class=\"aligncenter size-full is-resized\"><img loading=\"lazy\" decoding=\"async\" width=\"190\" height=\"190\" src=\"https:\/\/www.cia-ica.ca\/app\/uploads\/2026\/03\/rule10.png\" alt=\"Decorative icon\" class=\"wp-image-811805\" style=\"width:190px;height:auto\" srcset=\"https:\/\/www.cia-ica.ca\/app\/uploads\/2026\/03\/rule10.png 190w, https:\/\/www.cia-ica.ca\/app\/uploads\/2026\/03\/rule10-150x150.png 150w, https:\/\/www.cia-ica.ca\/app\/uploads\/2026\/03\/rule10-100x100.png 100w\" sizes=\"auto, (max-width: 190px) 100vw, 190px\" \/><\/figure><\/div>\n\n\n<p class=\"has-text-align-center\"><strong><strong>R\u00e8gle<\/strong>&nbsp;10<\/strong><br><a href=\"https:\/\/www.cia-ica.ca\/fr\/regle-10-titres-et-designations\/\">Titres et d\u00e9signations<\/a>&nbsp;&nbsp;&nbsp;<\/p>\n<\/div>\n\n\n\n<div class=\"wp-block-column is-layout-flow wp-block-column-is-layout-flow\"><div class=\"wp-block-image\">\n<figure class=\"aligncenter size-full\"><img loading=\"lazy\" decoding=\"async\" width=\"190\" height=\"190\" src=\"https:\/\/www.cia-ica.ca\/app\/uploads\/2026\/03\/rule11.png\" alt=\"Decorative icon\" class=\"wp-image-811807\" srcset=\"https:\/\/www.cia-ica.ca\/app\/uploads\/2026\/03\/rule11.png 190w, https:\/\/www.cia-ica.ca\/app\/uploads\/2026\/03\/rule11-150x150.png 150w, https:\/\/www.cia-ica.ca\/app\/uploads\/2026\/03\/rule11-100x100.png 100w\" sizes=\"auto, (max-width: 190px) 100vw, 190px\" \/><\/figure><\/div>\n\n\n<p class=\"has-text-align-center\"><strong><strong>R\u00e8gle<\/strong>&nbsp;11<\/strong><br><a href=\"https:\/\/www.cia-ica.ca\/fr\/regle-11-obligations-paralleles-divulgation-de-condamnations-au-criminel\/\">Obligations parall\u00e8les&nbsp;(divulgation de condamnations au criminel)<\/a>&nbsp;&nbsp;<\/p>\n<\/div>\n\n\n\n<div class=\"wp-block-column is-layout-flow wp-block-column-is-layout-flow\"><div class=\"wp-block-image\">\n<figure class=\"aligncenter size-full is-resized\"><img loading=\"lazy\" decoding=\"async\" width=\"190\" height=\"190\" src=\"https:\/\/www.cia-ica.ca\/app\/uploads\/2026\/03\/rule13.png\" alt=\"Decorative icon\" class=\"wp-image-811784\" style=\"width:190px;height:auto\" srcset=\"https:\/\/www.cia-ica.ca\/app\/uploads\/2026\/03\/rule13.png 190w, https:\/\/www.cia-ica.ca\/app\/uploads\/2026\/03\/rule13-150x150.png 150w, https:\/\/www.cia-ica.ca\/app\/uploads\/2026\/03\/rule13-100x100.png 100w\" sizes=\"auto, (max-width: 190px) 100vw, 190px\" \/><\/figure><\/div>\n\n\n<p class=\"has-text-align-center\"><strong><strong>R\u00e8gle<\/strong>&nbsp;13<\/strong><br><a href=\"https:\/\/www.cia-ica.ca\/fr\/etre-membre\/les-regles-de-deontologie-et-leur-importance\/regle-13-obligations-paralleles-cas-importants-de-non-conformite-apparente-aux-regles-de-deontologie-ou-aux-normes-de-pratique\/\">Obligations&nbsp;parall\u00e8les&nbsp;<br>(cas importants&nbsp;de non-conformit\u00e9 apparente aux&nbsp;R\u00e8gles de d\u00e9ontologie&nbsp;ou&nbsp;aux&nbsp;normes de pratique)<\/a>&nbsp;&nbsp;<\/p>\n<\/div>\n<\/div>\n<\/div><\/div>\n\n\n\n<p><\/p>\n","protected":false},"excerpt":{"rendered":"<p>Faire des enqu\u00eates disciplinaires une priorit\u00e9&nbsp; L\u2019ICA vise \u00e0 mener ses enqu\u00eates de la mani\u00e8re la plus \u00e9quitable et efficace possible. La R\u00e8gle\u202f12 \u00e9nonce que les membres doivent coop\u00e9rer compl\u00e8tement et promptement aux enqu\u00eates sur la conduite professionnelle men\u00e9es par [&hellip;]<\/p>\n","protected":false},"author":23331,"featured_media":812416,"parent":812091,"menu_order":12,"comment_status":"closed","ping_status":"closed","template":"page-templates\/flex-landing-page.php","meta":{"_acf_changed":false,"ep_exclude_from_search":false,"wicket_organization":"","footnotes":""},"class_list":["post-812425","page","type-page","status-publish","has-post-thumbnail","hentry"],"acf":[],"_links":{"self":[{"href":"https:\/\/www.cia-ica.ca\/fr\/wp-json\/wp\/v2\/pages\/812425","targetHints":{"allow":["GET"]}}],"collection":[{"href":"https:\/\/www.cia-ica.ca\/fr\/wp-json\/wp\/v2\/pages"}],"about":[{"href":"https:\/\/www.cia-ica.ca\/fr\/wp-json\/wp\/v2\/types\/page"}],"author":[{"embeddable":true,"href":"https:\/\/www.cia-ica.ca\/fr\/wp-json\/wp\/v2\/users\/23331"}],"replies":[{"embeddable":true,"href":"https:\/\/www.cia-ica.ca\/fr\/wp-json\/wp\/v2\/comments?post=812425"}],"version-history":[{"count":11,"href":"https:\/\/www.cia-ica.ca\/fr\/wp-json\/wp\/v2\/pages\/812425\/revisions"}],"predecessor-version":[{"id":813912,"href":"https:\/\/www.cia-ica.ca\/fr\/wp-json\/wp\/v2\/pages\/812425\/revisions\/813912"}],"up":[{"embeddable":true,"href":"https:\/\/www.cia-ica.ca\/fr\/wp-json\/wp\/v2\/pages\/812091"}],"wp:featuredmedia":[{"embeddable":true,"href":"https:\/\/www.cia-ica.ca\/fr\/wp-json\/wp\/v2\/media\/812416"}],"wp:attachment":[{"href":"https:\/\/www.cia-ica.ca\/fr\/wp-json\/wp\/v2\/media?parent=812425"}],"curies":[{"name":"wp","href":"https:\/\/api.w.org\/{rel}","templated":true}]}}