{"id":6694,"date":"2023-10-11T13:35:34","date_gmt":"2023-10-11T13:35:34","guid":{"rendered":"https:\/\/cia-ica.ca\/wp\/continuing-professional-development\/"},"modified":"2026-03-26T11:35:24","modified_gmt":"2026-03-26T15:35:24","slug":"le-perfectionnement-professionnel-pour-les-actuaires","status":"publish","type":"page","link":"https:\/\/www.cia-ica.ca\/fr\/etre-membre\/le-perfectionnement-professionnel-pour-les-actuaires\/","title":{"rendered":"Le perfectionnement professionnel pour les actuaires"},"content":{"rendered":"\n<h2 class=\"wp-block-heading\"><strong>Le perfectionnement professionnel continu permet aux actuaires de rester \u00e0 jour<\/strong><\/h2>\n\n\n\n<p>La profession actuarielle est dynamique \u2013 elle \u00e9volue en fonction des besoins changeants des personnes et des organisations au Canada. Comme les autres titres professionnels, les titres de comp\u00e9tence pour les membres \u00e9tudiants, candidats, associ\u00e9s et Fellows doivent \u00eatre tenus \u00e0 jour et maintenus par le perfectionnement professionnel continu (PPC).\u00a0<\/p>\n\n\n\n<h2 class=\"wp-block-heading\" id=\"h-faits-en-bref-sur-le-ppc\"><strong><strong>Faits en bref sur le PPC<\/strong><\/strong><\/h2>\n\n\n  <div class=\"accordions\">\n                <div class=\"accordions__dropdown dropdown\">\n        <button id=\"content-dropdown-69d08c6771dcd-toggle\" class=\"accordions__toggle dropdown__toggle\" aria-expanded=\"false\" aria-controls=\"content-dropdown-69d08c6771dcd\">\n          Pertinence continue          <i class=\"icon far fa-chevron-up\" aria-hidden=\"true\"><\/i>\n          <i class=\"icon far fa-chevron-down\" aria-hidden=\"true\"><\/i>\n        <\/button>\n        <div id=\"content-dropdown-69d08c6771dcd\" class=\"accordions__content dropdown__content\" aria-expanded=\"false\" aria-labelledby=\"content-dropdown-69d08c6771dcd-toggle\">\n          <p style=\"margin-bottom: 0px;margin-top: 0px\">Les exigences en mati\u00e8re de PPC aident \u00e0 s&rsquo;assurer que les membres maintiennent leurs connaissances actuarielles \u00e0 jour.<\/p>\n        <\/div>\n      <\/div>\n                <div class=\"accordions__dropdown dropdown\">\n        <button id=\"content-dropdown-69d08c6771fc1-toggle\" class=\"accordions__toggle dropdown__toggle\" aria-expanded=\"false\" aria-controls=\"content-dropdown-69d08c6771fc1\">\n          \u00c9ch\u00e9ancier g\u00e9n\u00e9reux          <i class=\"icon far fa-chevron-up\" aria-hidden=\"true\"><\/i>\n          <i class=\"icon far fa-chevron-down\" aria-hidden=\"true\"><\/i>\n        <\/button>\n        <div id=\"content-dropdown-69d08c6771fc1\" class=\"accordions__content dropdown__content\" aria-expanded=\"false\" aria-labelledby=\"content-dropdown-69d08c6771fc1-toggle\">\n          <p>Les exigences en mati\u00e8re de PPC peuvent \u00eatre satisfaites au cours d\u2019une p\u00e9riode continue de deux ans.<\/p>\n        <\/div>\n      <\/div>\n                <div class=\"accordions__dropdown dropdown\">\n        <button id=\"content-dropdown-69d08c677206f-toggle\" class=\"accordions__toggle dropdown__toggle\" aria-expanded=\"false\" aria-controls=\"content-dropdown-69d08c677206f\">\n          Format flexible          <i class=\"icon far fa-chevron-up\" aria-hidden=\"true\"><\/i>\n          <i class=\"icon far fa-chevron-down\" aria-hidden=\"true\"><\/i>\n        <\/button>\n        <div id=\"content-dropdown-69d08c677206f\" class=\"accordions__content dropdown__content\" aria-expanded=\"false\" aria-labelledby=\"content-dropdown-69d08c677206f-toggle\">\n          <p>80 heures d\u2019activit\u00e9s dirig\u00e9es et d\u2019auto-apprentissage sont requises (au moins 30 heures d\u2019activit\u00e9s dirig\u00e9es) \u2013 les membres peuvent choisir le PPC qui leur convient.<\/p>\n        <\/div>\n      <\/div>\n                <div class=\"accordions__dropdown dropdown\">\n        <button id=\"content-dropdown-69d08c6772134-toggle\" class=\"accordions__toggle dropdown__toggle\" aria-expanded=\"false\" aria-controls=\"content-dropdown-69d08c6772134\">\n          Soutenir le professionnalisme          <i class=\"icon far fa-chevron-up\" aria-hidden=\"true\"><\/i>\n          <i class=\"icon far fa-chevron-down\" aria-hidden=\"true\"><\/i>\n        <\/button>\n        <div id=\"content-dropdown-69d08c6772134\" class=\"accordions__content dropdown__content\" aria-expanded=\"false\" aria-labelledby=\"content-dropdown-69d08c6772134-toggle\">\n          <p>Les membres doivent \u00e9galement suivre le module obligatoire sur le professionnalisme, qui comprend des lectures requises.<\/p>\n        <\/div>\n      <\/div>\n      <\/div>\n\n\n\n<div style=\"height:50px\" aria-hidden=\"true\" class=\"wp-block-spacer\"><\/div>\n\n\n\n<div class=\"wp-block-cover aligncenter is-light has-custom-content-position is-position-bottom-center\" style=\"min-height:180px;aspect-ratio:unset;\"><span aria-hidden=\"true\" class=\"wp-block-cover__background has-background-dim wp-block-cover__gradient-background has-background-gradient\" style=\"background:linear-gradient(45deg,rgb(0,153,144) 0%,rgb(166,206,57) 51%,rgb(215,223,35) 100%)\"><\/span><img loading=\"lazy\" decoding=\"async\" width=\"702\" height=\"430\" class=\"wp-block-cover__image-background wp-image-3998\" alt=\"Un groupe de personnes assises \u00e0 une table.\" src=\"https:\/\/cia-ica.ca\/app\/uploads\/2023\/10\/Profession-Oversight_Grid_702x430_PCMB.png\" style=\"object-position:51% 22%\" data-object-fit=\"cover\" data-object-position=\"51% 22%\" srcset=\"https:\/\/www.cia-ica.ca\/app\/uploads\/2023\/10\/Profession-Oversight_Grid_702x430_PCMB.png 702w, https:\/\/www.cia-ica.ca\/app\/uploads\/2023\/10\/Profession-Oversight_Grid_702x430_PCMB-600x368.png 600w, https:\/\/www.cia-ica.ca\/app\/uploads\/2023\/10\/Profession-Oversight_Grid_702x430_PCMB-300x184.png 300w, https:\/\/www.cia-ica.ca\/app\/uploads\/2023\/10\/Profession-Oversight_Grid_702x430_PCMB-327x200.png 327w\" sizes=\"auto, (max-width: 702px) 100vw, 702px\" \/><div class=\"wp-block-cover__inner-container is-layout-constrained wp-block-cover-is-layout-constrained\">\n<div class=\"wp-block-buttons is-content-justification-center is-layout-flex wp-container-core-buttons-is-layout-1 wp-block-buttons-is-layout-flex\">\n<div class=\"wp-block-button\"><a class=\"wp-block-button__link has-text-align-center wp-element-button\" href=\"https:\/\/www.cia-ica.ca\/fr\/etre-membre\/le-perfectionnement-professionnel-pour-les-actuaires\/foire-aux-questions-sur-le-ppc\/\"><strong><strong>Visitez notre foire aux questions<\/strong><strong> \u2013 Exigences de PPC<\/strong><\/strong><\/a><\/div>\n<\/div>\n<\/div><\/div>\n\n\n\n<div style=\"height:50px\" aria-hidden=\"true\" class=\"wp-block-spacer\"><\/div>\n\n\n\n<h2 class=\"wp-block-heading\" id=\"h-participer-aux-evenements-et-aux-occasions-d-apprentissage-de-l-ica\">Participer aux \u00e9v\u00e9nements et aux occasions d\u2019apprentissage de l\u2019ICA<\/h2>\n\n\n\n<p>Les membres peuvent profiter d\u2019une vari\u00e9t\u00e9 de possibilit\u00e9s de r\u00e9seautage et d\u2019apprentissage, y compris des congr\u00e8s, des colloques, des web\u00e9missions et d\u2019autres \u00e9v\u00e9nements.<\/p>\n\n\n\n<div class=\"wp-block-media-text is-stacked-on-mobile\"><figure class=\"wp-block-media-text__media\"><img loading=\"lazy\" decoding=\"async\" width=\"702\" height=\"430\" src=\"https:\/\/www.cia-ica.ca\/app\/uploads\/2023\/10\/CPD_Upcoming-Events_Grid-Tile_702x430.png\" alt=\"\" class=\"wp-image-6034 size-full\" srcset=\"https:\/\/www.cia-ica.ca\/app\/uploads\/2023\/10\/CPD_Upcoming-Events_Grid-Tile_702x430.png 702w, https:\/\/www.cia-ica.ca\/app\/uploads\/2023\/10\/CPD_Upcoming-Events_Grid-Tile_702x430-600x368.png 600w, https:\/\/www.cia-ica.ca\/app\/uploads\/2023\/10\/CPD_Upcoming-Events_Grid-Tile_702x430-300x184.png 300w, https:\/\/www.cia-ica.ca\/app\/uploads\/2023\/10\/CPD_Upcoming-Events_Grid-Tile_702x430-327x200.png 327w\" sizes=\"auto, (max-width: 702px) 100vw, 702px\" \/><\/figure><div class=\"wp-block-media-text__content\">  <div class=\"call-to-action\">\n    <p>\u00c9v\u00e9nements \u00e0 venir.<\/p>\n                <a class=\"button button--tertiary\" href=\"https:\/\/www.cia-ica.ca\/fr\/evenements\/\" target=\"_self\">\n        <span>Tous les \u00e9v\u00e9nements<\/span>\n        <i class=\"far fa-arrow-right\" aria-hidden=\"true\"><\/i>\n      <\/a>\n      <\/div>\n<\/div><\/div>\n\n\n\n<div style=\"height:49px\" aria-hidden=\"true\" class=\"wp-block-spacer\"><\/div>\n\n\n\n<div class=\"wp-block-media-text has-media-on-the-right is-stacked-on-mobile\"><div class=\"wp-block-media-text__content\">  <div class=\"call-to-action\">\n    <p>Assistez aux web\u00e9missions en direct et consultez les enregistrements sur demande.  <\/p>\n                <a class=\"button button--tertiary\" href=\"https:\/\/cia-ica.cventevents.com\/event\/ebb6db7a-6f0d-42bf-bb8f-6b9bcd3b73f2\/summary?locale=fr\" target=\"_blank\">\n        <span>Portail des web\u00e9missions<\/span>\n        <i class=\"far fa-arrow-right\" aria-hidden=\"true\"><\/i>\n      <\/a>\n      <\/div>\n<\/div><figure class=\"wp-block-media-text__media\"><img loading=\"lazy\" decoding=\"async\" width=\"702\" height=\"430\" src=\"https:\/\/www.cia-ica.ca\/app\/uploads\/2024\/07\/Webcast-Hub_Event-Tile_702x430.webp\" alt=\"\" class=\"wp-image-347220 size-full\" srcset=\"https:\/\/www.cia-ica.ca\/app\/uploads\/2024\/07\/Webcast-Hub_Event-Tile_702x430.webp 702w, https:\/\/www.cia-ica.ca\/app\/uploads\/2024\/07\/Webcast-Hub_Event-Tile_702x430-300x184.webp 300w, https:\/\/www.cia-ica.ca\/app\/uploads\/2024\/07\/Webcast-Hub_Event-Tile_702x430-327x200.webp 327w, https:\/\/www.cia-ica.ca\/app\/uploads\/2024\/07\/Webcast-Hub_Event-Tile_702x430-600x368.webp 600w\" sizes=\"auto, (max-width: 702px) 100vw, 702px\" \/><\/figure><\/div>\n","protected":false},"excerpt":{"rendered":"<p>Le perfectionnement professionnel continu permet aux actuaires de rester \u00e0 jour La profession actuarielle est dynamique \u2013 elle \u00e9volue en fonction des besoins changeants des personnes et des organisations au Canada. Comme les autres titres professionnels, les titres de comp\u00e9tence [&hellip;]<\/p>\n","protected":false},"author":1,"featured_media":0,"parent":52568,"menu_order":1,"comment_status":"closed","ping_status":"closed","template":"","meta":{"_acf_changed":false,"ep_exclude_from_search":false,"wicket_organization":"","footnotes":""},"class_list":["post-6694","page","type-page","status-publish","hentry"],"acf":[],"_links":{"self":[{"href":"https:\/\/www.cia-ica.ca\/fr\/wp-json\/wp\/v2\/pages\/6694","targetHints":{"allow":["GET"]}}],"collection":[{"href":"https:\/\/www.cia-ica.ca\/fr\/wp-json\/wp\/v2\/pages"}],"about":[{"href":"https:\/\/www.cia-ica.ca\/fr\/wp-json\/wp\/v2\/types\/page"}],"author":[{"embeddable":true,"href":"https:\/\/www.cia-ica.ca\/fr\/wp-json\/wp\/v2\/users\/1"}],"replies":[{"embeddable":true,"href":"https:\/\/www.cia-ica.ca\/fr\/wp-json\/wp\/v2\/comments?post=6694"}],"version-history":[{"count":22,"href":"https:\/\/www.cia-ica.ca\/fr\/wp-json\/wp\/v2\/pages\/6694\/revisions"}],"predecessor-version":[{"id":362898,"href":"https:\/\/www.cia-ica.ca\/fr\/wp-json\/wp\/v2\/pages\/6694\/revisions\/362898"}],"up":[{"embeddable":true,"href":"https:\/\/www.cia-ica.ca\/fr\/wp-json\/wp\/v2\/pages\/52568"}],"wp:attachment":[{"href":"https:\/\/www.cia-ica.ca\/fr\/wp-json\/wp\/v2\/media?parent=6694"}],"curies":[{"name":"wp","href":"https:\/\/api.w.org\/{rel}","templated":true}]}}