{"id":53026,"date":"2023-10-16T17:58:48","date_gmt":"2023-10-16T17:58:48","guid":{"rendered":"https:\/\/cia-ica.ca\/becoming-a-member\/becoming-an-associate\/parcours-de-qualification\/pathway-1\/"},"modified":"2025-08-18T10:30:42","modified_gmt":"2025-08-18T14:30:42","slug":"parcours-1","status":"publish","type":"page","link":"https:\/\/www.cia-ica.ca\/fr\/devenir-membre\/parcours-de-qualification\/parcours-1\/","title":{"rendered":"Parcours 1"},"content":{"rendered":"\n<h2 class=\"wp-block-heading\" id=\"h-commencez-par-l-obtention-d-un-diplome-agree-par-l-ica\">Commencez par l&rsquo;obtention d&rsquo;un dipl\u00f4me agr\u00e9\u00e9 par l&rsquo;ICA<\/h2>\n\n\n\n<p>Ce parcours est destin\u00e9 aux personnes qui utilisent exclusivement le syst\u00e8me d\u2019\u00e9ducation de l\u2019ICA. Il est con\u00e7u pour les \u00e9tudiantes et \u00e9tudiants et les dipl\u00f4m\u00e9(e)s d\u2019un programme agr\u00e9\u00e9 par l\u2019ICA qui veulent se qualifier aux titres d\u2019AICA et de FICA. Dans les deux cas, ces objectifs seront atteints par l\u2019entremise de la formation en ligne innovante et pratique de l\u2019ICA et des examens \u00e0 livre ouvert.<\/p>\n\n\n\n<h2 class=\"wp-block-heading\" id=\"h-le-titre-d-aica-a-travers-le-parcours-1\">Le titre d\u2019AICA \u00e0 travers le parcours 1<\/h2>\n\n\n\n<p>Si vous souhaitez tirer parti de votre dipl\u00f4me agr\u00e9\u00e9 et faire carri\u00e8re dans le domaine de l\u2019actuariat, le titre d\u2019AICA constitue une \u00e9tape importante et une condition pr\u00e9alable \u00e0 l\u2019obtention du titre de FICA.<\/p>\n\n\n\n<h3 class=\"wp-block-heading\" id=\"h-pourquoi-utiliser-cette-voie-pour-obtenir-le-titre-d-aica\">Pourquoi utiliser cette voie pour obtenir le titre d\u2019AICA?<\/h3>\n\n\n\n<ul class=\"wp-block-list\">\n<li>Vous voulez d\u00e9tenir un titre d\u2019associ\u00e9 de haute qualit\u00e9, reconnu mondialement.<\/li>\n\n\n\n<li>Vous poursuivez ou avez compl\u00e9t\u00e9 votre \u00e9ducation en actuariat aupr\u00e8s d&rsquo;une universit\u00e9 agr\u00e9\u00e9e par l&rsquo;ICA.<\/li>\n\n\n\n<li>Vous voulez d\u00e9montrer aux employeurs que vous avez les connaissances, les comp\u00e9tences et le professionnalisme n\u00e9cessaires pour \u00eatre un atout pour leur organisation.<\/li>\n<\/ul>\n\n\n\n<h3 class=\"wp-block-heading\" id=\"h-etapes-pour-obtenir-le-titre-d-aica-en-suivant-le-parcours-1\">\u00c9tapes pour obtenir le titre d\u2019AICA en suivant le parcours 1<\/h3>\n\n\n\n<div class=\"wp-block-columns is-layout-flex wp-container-core-columns-is-layout-1 wp-block-columns-is-layout-flex\">\n<div class=\"wp-block-column is-layout-flow wp-block-column-is-layout-flow\"><div class=\"wp-block-image\">\n<figure class=\"aligncenter size-full is-resized\"><img loading=\"lazy\" decoding=\"async\" width=\"156\" height=\"156\" src=\"https:\/\/cia-ica.ca\/app\/uploads\/2023\/10\/Education_Number-Icons_Small_1.png\" alt=\"Ic\u00f4ne d\u00e9corative\" class=\"wp-image-3502\" style=\"width:100px\" srcset=\"https:\/\/www.cia-ica.ca\/app\/uploads\/2023\/10\/Education_Number-Icons_Small_1.png 156w, https:\/\/www.cia-ica.ca\/app\/uploads\/2023\/10\/Education_Number-Icons_Small_1-100x100.png 100w, https:\/\/www.cia-ica.ca\/app\/uploads\/2023\/10\/Education_Number-Icons_Small_1-150x150.png 150w\" sizes=\"auto, (max-width: 156px) 100vw, 156px\" \/><\/figure><\/div>\n\n\n<p class=\"has-text-align-center\">Compl\u00e9ter votre <a href=\"https:\/\/cia-ica.ca\/fr\/commencer-votre-parcours\/education-actuarielle-au-canada\/\">dipl\u00f4me actuariel reconnu<\/a>, y compris les cours obligatoires de l\u2019ICA.<\/p>\n<\/div>\n\n\n\n<div class=\"wp-block-column is-layout-flow wp-block-column-is-layout-flow\"><div class=\"wp-block-image\">\n<figure class=\"aligncenter size-full is-resized\"><img loading=\"lazy\" decoding=\"async\" width=\"157\" height=\"156\" src=\"https:\/\/cia-ica.ca\/app\/uploads\/2023\/10\/Education_Number-Icons_Small_2.png\" alt=\"Ic\u00f4ne d\u00e9corative\" class=\"wp-image-3504\" style=\"object-fit:cover;width:100px;height:100px\" srcset=\"https:\/\/www.cia-ica.ca\/app\/uploads\/2023\/10\/Education_Number-Icons_Small_2.png 157w, https:\/\/www.cia-ica.ca\/app\/uploads\/2023\/10\/Education_Number-Icons_Small_2-100x100.png 100w, https:\/\/www.cia-ica.ca\/app\/uploads\/2023\/10\/Education_Number-Icons_Small_2-150x150.png 150w\" sizes=\"auto, (max-width: 157px) 100vw, 157px\" \/><\/figure><\/div>\n\n\n<p class=\"has-text-align-center\">R\u00e9ussir les <a href=\"https:\/\/www.cia-ica.ca\/fr\/devenir-membre\/devenir-membre-associe\/modules-et-examen-synthese-de-niveau-aica\/\">modules AICA\u00a01 et 2<\/a> pendant que vous \u00eates \u00e0 l\u2019universit\u00e9.<\/p>\n<\/div>\n\n\n\n<div class=\"wp-block-column is-layout-flow wp-block-column-is-layout-flow\"><div class=\"wp-block-image\">\n<figure class=\"aligncenter size-full is-resized\"><img loading=\"lazy\" decoding=\"async\" width=\"156\" height=\"156\" src=\"https:\/\/cia-ica.ca\/app\/uploads\/2023\/10\/Education_Number-Icons_Small_3.png\" alt=\"Ic\u00f4ne d\u00e9corative\" class=\"wp-image-3506\" style=\"width:100px\" srcset=\"https:\/\/www.cia-ica.ca\/app\/uploads\/2023\/10\/Education_Number-Icons_Small_3.png 156w, https:\/\/www.cia-ica.ca\/app\/uploads\/2023\/10\/Education_Number-Icons_Small_3-100x100.png 100w, https:\/\/www.cia-ica.ca\/app\/uploads\/2023\/10\/Education_Number-Icons_Small_3-150x150.png 150w\" sizes=\"auto, (max-width: 156px) 100vw, 156px\" \/><\/figure><\/div>\n\n\n<p class=\"has-text-align-center\">R\u00e9ussir l\u2019<a href=\"https:\/\/www.cia-ica.ca\/fr\/devenir-membre\/devenir-membre-associe\/modules-et-examen-synthese-de-niveau-aica\/\">Examen synth\u00e8se de niveau AICA<\/a> quand votre dipl\u00f4me est compl\u00e9t\u00e9.<\/p>\n<\/div>\n<\/div>\n\n\n\n<div class=\"wp-block-columns is-layout-flex wp-container-core-columns-is-layout-2 wp-block-columns-is-layout-flex\">\n<div class=\"wp-block-column is-layout-flow wp-block-column-is-layout-flow\"><div class=\"wp-block-image\">\n<figure class=\"aligncenter size-full is-resized\"><img loading=\"lazy\" decoding=\"async\" width=\"156\" height=\"156\" src=\"https:\/\/cia-ica.ca\/app\/uploads\/2023\/10\/Education_Number-Icons_Small_4.png\" alt=\"Ic\u00f4ne d\u00e9corative\" class=\"wp-image-3508\" style=\"width:100px\" srcset=\"https:\/\/www.cia-ica.ca\/app\/uploads\/2023\/10\/Education_Number-Icons_Small_4.png 156w, https:\/\/www.cia-ica.ca\/app\/uploads\/2023\/10\/Education_Number-Icons_Small_4-100x100.png 100w, https:\/\/www.cia-ica.ca\/app\/uploads\/2023\/10\/Education_Number-Icons_Small_4-150x150.png 150w\" sizes=\"auto, (max-width: 156px) 100vw, 156px\" \/><\/figure><\/div>\n\n\n<p class=\"has-text-align-center\">Compl\u00e9ter l\u2019<a href=\"https:\/\/www.cia-ica.ca\/fr\/devenir-membre\/devenir-membre-associe\/atelier-sur-le-professionnalisme\/\">Atelier sur le professionnalisme<\/a>&nbsp;de l\u2019ICA.<\/p>\n<\/div>\n\n\n\n<div class=\"wp-block-column is-layout-flow wp-block-column-is-layout-flow\"><div class=\"wp-block-image\">\n<figure class=\"aligncenter size-full is-resized\"><img loading=\"lazy\" decoding=\"async\" width=\"157\" height=\"156\" src=\"https:\/\/cia-ica.ca\/app\/uploads\/2023\/10\/Education_Number-Icons_Small_5.png\" alt=\"Ic\u00f4ne d\u00e9corative\" class=\"wp-image-3510\" style=\"object-fit:cover;width:100px;height:100px\" srcset=\"https:\/\/www.cia-ica.ca\/app\/uploads\/2023\/10\/Education_Number-Icons_Small_5.png 157w, https:\/\/www.cia-ica.ca\/app\/uploads\/2023\/10\/Education_Number-Icons_Small_5-100x100.png 100w, https:\/\/www.cia-ica.ca\/app\/uploads\/2023\/10\/Education_Number-Icons_Small_5-150x150.png 150w\" sizes=\"auto, (max-width: 157px) 100vw, 157px\" \/><\/figure><\/div>\n\n\n<p class=\"has-text-align-center\">Contactez <a href=\"mailto:adhesion@cia-ica.ca\">adhesion@cia-ica.ca<\/a> pour obtenir les d\u00e9tails li\u00e9s aux demandes.<\/p>\n<\/div>\n<\/div>\n\n\n\n<h2 class=\"wp-block-heading\" id=\"h-le-titre-de-fica-a-travers-le-parcours-nbsp-1\">Le titre de FICA \u00e0 travers le parcours&nbsp;1<\/h2>\n\n\n\n<p>Si vous \u00eates d\u00e9j\u00e0 AICA, devenir FICA peut vous aider \u00e0 faire progresser votre carri\u00e8re, \u00e0 renforcer vos titres de comp\u00e9tence en actuariat et \u00e0 ouvrir de nouvelles occasions professionnelles au Canada et \u00e0 l\u2019\u00e9tranger.<\/p>\n\n\n\n<h3 class=\"wp-block-heading\" id=\"h-pourquoi-utiliser-cette-voie-pour-obtenir-le-titre-de-fica\">Pourquoi utiliser cette voie pour obtenir le titre de FICA?<\/h3>\n\n\n\n<ul class=\"wp-block-list\">\n<li>Vous voulez d\u00e9tenir un titre de Fellow de grande qualit\u00e9, reconnu dans le monde entier, et \u00eatre en mesure d\u2019occuper un r\u00f4le exclusif au Canada.<\/li>\n\n\n\n<li>Vous voulez faire preuve d\u2019une expertise sp\u00e9cialis\u00e9e et faire progresser votre carri\u00e8re.<\/li>\n\n\n\n<li>Vous voulez avoir acc\u00e8s \u00e0 de nouvelles occasions dans les domaines traditionnels et \u00e9mergents de la pratique actuarielle.<\/li>\n<\/ul>\n\n\n\n<h3 class=\"wp-block-heading\" id=\"h-etapes-pour-obtenir-le-titre-de-fica-en-suivant-le-parcours-1\">\u00c9tapes pour obtenir le titre de FICA en suivant le parcours 1<\/h3>\n\n\n\n<div class=\"wp-block-columns is-layout-flex wp-container-core-columns-is-layout-3 wp-block-columns-is-layout-flex\">\n<div class=\"wp-block-column is-layout-flow wp-block-column-is-layout-flow\"><div class=\"wp-block-image\">\n<figure class=\"aligncenter size-full is-resized\"><img loading=\"lazy\" decoding=\"async\" width=\"156\" height=\"156\" src=\"https:\/\/cia-ica.ca\/app\/uploads\/2023\/10\/Education_Number-Icons_Small_1.png\" alt=\"Ic\u00f4ne d\u00e9corative\" class=\"wp-image-3502\" style=\"width:100px\" srcset=\"https:\/\/www.cia-ica.ca\/app\/uploads\/2023\/10\/Education_Number-Icons_Small_1.png 156w, https:\/\/www.cia-ica.ca\/app\/uploads\/2023\/10\/Education_Number-Icons_Small_1-100x100.png 100w, https:\/\/www.cia-ica.ca\/app\/uploads\/2023\/10\/Education_Number-Icons_Small_1-150x150.png 150w\" sizes=\"auto, (max-width: 156px) 100vw, 156px\" \/><\/figure><\/div>\n\n\n<p class=\"has-text-align-center\">\u00catre membre AICA.<\/p>\n<\/div>\n\n\n\n<div class=\"wp-block-column is-layout-flow wp-block-column-is-layout-flow\"><div class=\"wp-block-image\">\n<figure class=\"aligncenter size-full is-resized\"><img loading=\"lazy\" decoding=\"async\" width=\"157\" height=\"156\" src=\"https:\/\/cia-ica.ca\/app\/uploads\/2023\/10\/Education_Number-Icons_Small_2.png\" alt=\"Ic\u00f4ne d\u00e9corative\" class=\"wp-image-3504\" style=\"object-fit:cover;width:100px;height:100px\" srcset=\"https:\/\/www.cia-ica.ca\/app\/uploads\/2023\/10\/Education_Number-Icons_Small_2.png 157w, https:\/\/www.cia-ica.ca\/app\/uploads\/2023\/10\/Education_Number-Icons_Small_2-100x100.png 100w, https:\/\/www.cia-ica.ca\/app\/uploads\/2023\/10\/Education_Number-Icons_Small_2-150x150.png 150w\" sizes=\"auto, (max-width: 157px) 100vw, 157px\" \/><\/figure><\/div>\n\n\n<p class=\"has-text-align-center\">R\u00e9ussir les exigences d\u2019un <a href=\"https:\/\/cia-ica.ca\/fr\/devenir-membre\/devenir-membre-fellow\/programmes-detudes-de-niveau-fica\/\">volet de sp\u00e9cialisation FICA<\/a>.<\/p>\n<\/div>\n\n\n\n<div class=\"wp-block-column is-layout-flow wp-block-column-is-layout-flow\"><div class=\"wp-block-image\">\n<figure class=\"aligncenter size-full is-resized\"><img loading=\"lazy\" decoding=\"async\" width=\"156\" height=\"156\" src=\"https:\/\/cia-ica.ca\/app\/uploads\/2023\/10\/Education_Number-Icons_Small_3.png\" alt=\"Ic\u00f4ne d\u00e9corative\" class=\"wp-image-3506\" style=\"width:100px\" srcset=\"https:\/\/www.cia-ica.ca\/app\/uploads\/2023\/10\/Education_Number-Icons_Small_3.png 156w, https:\/\/www.cia-ica.ca\/app\/uploads\/2023\/10\/Education_Number-Icons_Small_3-100x100.png 100w, https:\/\/www.cia-ica.ca\/app\/uploads\/2023\/10\/Education_Number-Icons_Small_3-150x150.png 150w\" sizes=\"auto, (max-width: 156px) 100vw, 156px\" \/><\/figure><\/div>\n\n\n<p class=\"has-text-align-center\">R\u00e9ussir le&nbsp;<a href=\"https:\/\/www.cia-ica.ca\/fr\/devenir-membre\/devenir-membre-fellow\/cours-avance-sur-le-professionnalisme-et-le-leadership-de-lica\/\">Cours avanc\u00e9 sur le professionnalisme et le leadership<\/a>.<\/p>\n<\/div>\n<\/div>\n\n\n\n<div class=\"wp-block-columns is-layout-flex wp-container-core-columns-is-layout-4 wp-block-columns-is-layout-flex\">\n<div class=\"wp-block-column is-layout-flow wp-block-column-is-layout-flow\"><div class=\"wp-block-image\">\n<figure class=\"aligncenter size-full is-resized\"><img loading=\"lazy\" decoding=\"async\" width=\"156\" height=\"156\" src=\"https:\/\/cia-ica.ca\/app\/uploads\/2023\/10\/Education_Number-Icons_Small_4.png\" alt=\"Ic\u00f4ne d\u00e9corative\" class=\"wp-image-3508\" style=\"width:100px\" srcset=\"https:\/\/www.cia-ica.ca\/app\/uploads\/2023\/10\/Education_Number-Icons_Small_4.png 156w, https:\/\/www.cia-ica.ca\/app\/uploads\/2023\/10\/Education_Number-Icons_Small_4-100x100.png 100w, https:\/\/www.cia-ica.ca\/app\/uploads\/2023\/10\/Education_Number-Icons_Small_4-150x150.png 150w\" sizes=\"auto, (max-width: 156px) 100vw, 156px\" \/><\/figure><\/div>\n\n\n<p class=\"has-text-align-center\">D\u00e9montrer 36 mois d&rsquo;exp\u00e9rience au cours des six derni\u00e8res ann\u00e9es, y compris 12 mois d&rsquo;exp\u00e9rience canadienne accumul\u00e9e au cours des trois derni\u00e8res ann\u00e9es au moment d&rsquo;\u00eatre AICA et attest\u00e9e par un FICA, tel qu&rsquo;indiqu\u00e9 dans les <a href=\"https:\/\/www.cia-ica.ca\/fr\/publications\/224014f\/\">lignes directrices relatives \u00e0 la demande du titre de FICA<\/a>.<\/p>\n<\/div>\n\n\n\n<div class=\"wp-block-column is-layout-flow wp-block-column-is-layout-flow\"><div class=\"wp-block-image\">\n<figure class=\"aligncenter size-full is-resized\"><img loading=\"lazy\" decoding=\"async\" width=\"157\" height=\"156\" src=\"https:\/\/cia-ica.ca\/app\/uploads\/2023\/10\/Education_Number-Icons_Small_5.png\" alt=\"Ic\u00f4ne d\u00e9corative\" class=\"wp-image-3510\" style=\"object-fit:cover;width:100px;height:100px\" srcset=\"https:\/\/www.cia-ica.ca\/app\/uploads\/2023\/10\/Education_Number-Icons_Small_5.png 157w, https:\/\/www.cia-ica.ca\/app\/uploads\/2023\/10\/Education_Number-Icons_Small_5-100x100.png 100w, https:\/\/www.cia-ica.ca\/app\/uploads\/2023\/10\/Education_Number-Icons_Small_5-150x150.png 150w\" sizes=\"auto, (max-width: 157px) 100vw, 157px\" \/><\/figure><\/div>\n\n\n<p class=\"has-text-align-center\">Contactez <a href=\"mailto:adhesion@cia-ica.ca\">adhesion@cia-ica.ca<\/a> pour obtenir les d\u00e9tails li\u00e9s aux demandes.<\/p>\n<\/div>\n<\/div>\n","protected":false},"excerpt":{"rendered":"<p>Commencez par l&rsquo;obtention d&rsquo;un dipl\u00f4me agr\u00e9\u00e9 par l&rsquo;ICA Ce parcours est destin\u00e9 aux personnes qui utilisent exclusivement le syst\u00e8me d\u2019\u00e9ducation de l\u2019ICA. Il est con\u00e7u pour les \u00e9tudiantes et \u00e9tudiants et les dipl\u00f4m\u00e9(e)s d\u2019un programme agr\u00e9\u00e9 par l\u2019ICA qui veulent [&hellip;]<\/p>\n","protected":false},"author":1,"featured_media":0,"parent":6672,"menu_order":1,"comment_status":"closed","ping_status":"closed","template":"","meta":{"_acf_changed":false,"ep_exclude_from_search":false,"wicket_organization":"","footnotes":""},"class_list":["post-53026","page","type-page","status-publish","hentry"],"acf":[],"_links":{"self":[{"href":"https:\/\/www.cia-ica.ca\/fr\/wp-json\/wp\/v2\/pages\/53026","targetHints":{"allow":["GET"]}}],"collection":[{"href":"https:\/\/www.cia-ica.ca\/fr\/wp-json\/wp\/v2\/pages"}],"about":[{"href":"https:\/\/www.cia-ica.ca\/fr\/wp-json\/wp\/v2\/types\/page"}],"author":[{"embeddable":true,"href":"https:\/\/www.cia-ica.ca\/fr\/wp-json\/wp\/v2\/users\/1"}],"replies":[{"embeddable":true,"href":"https:\/\/www.cia-ica.ca\/fr\/wp-json\/wp\/v2\/comments?post=53026"}],"version-history":[{"count":34,"href":"https:\/\/www.cia-ica.ca\/fr\/wp-json\/wp\/v2\/pages\/53026\/revisions"}],"predecessor-version":[{"id":619371,"href":"https:\/\/www.cia-ica.ca\/fr\/wp-json\/wp\/v2\/pages\/53026\/revisions\/619371"}],"up":[{"embeddable":true,"href":"https:\/\/www.cia-ica.ca\/fr\/wp-json\/wp\/v2\/pages\/6672"}],"wp:attachment":[{"href":"https:\/\/www.cia-ica.ca\/fr\/wp-json\/wp\/v2\/media?parent=53026"}],"curies":[{"name":"wp","href":"https:\/\/api.w.org\/{rel}","templated":true}]}}