{"id":4825,"date":"2023-10-05T19:25:42","date_gmt":"2023-10-05T19:25:42","guid":{"rendered":"https:\/\/cia-ica.ca\/wp\/research\/academic-research-grant-program\/"},"modified":"2024-07-05T16:30:15","modified_gmt":"2024-07-05T20:30:15","slug":"programme-de-subvention-pour-la-recherche-universitaire","status":"publish","type":"page","link":"https:\/\/www.cia-ica.ca\/fr\/recherche\/programme-de-subvention-pour-la-recherche-universitaire\/","title":{"rendered":"Programme de subvention pour la recherche universitaire"},"content":{"rendered":"\n<p>Le Programme de subvention pour la recherche universitaire de l\u2019ICA offre du financement \u00e0 des \u00e9tudiants et \u00e9tudiantes d\u2019une universit\u00e9 canadienne dans le but de faire progresser la recherche en science actuarielle. Il offre \u00e0 la population \u00e9tudiante des universit\u00e9s canadiennes la possibilit\u00e9 de mener des recherches en science actuarielle et de former la prochaine g\u00e9n\u00e9ration d\u2019actuaires universitaires.<\/p>\n\n\n\n<p>La Direction de la recherche sollicite des propositions dans tous les domaines de la science actuarielle. Une partie importante du financement doit \u00eatre utilis\u00e9e pour soutenir le milieu \u00e9tudiant de premier cycle ou des cycles sup\u00e9rieurs fr\u00e9quentant une universit\u00e9 canadienne. De plus, le sujet de la recherche doit \u00eatre suffisamment restreint pour que la recherche puisse \u00eatre r\u00e9alis\u00e9e pendant la p\u00e9riode de financement (g\u00e9n\u00e9ralement 12 mois ou moins).<\/p>\n\n\n\n<p>&nbsp;Nous encourageons les propositions si elles :<\/p>\n\n\n\n<ul class=\"wp-block-list\">\n<li>Appliquent les m\u00e9thodes et techniques actuarielles traditionnelles de mani\u00e8re innovatrice;&nbsp;<\/li>\n\n\n\n<li>D\u00e9veloppent de nouvelles solutions aux probl\u00e8mes traditionnels de s\u00e9curit\u00e9 financi\u00e8re;&nbsp;<\/li>\n\n\n\n<li>Explorent des sujets d\u2019int\u00e9r\u00eat \u00e9mergent;&nbsp;<\/li>\n\n\n\n<li>Impliquent la collaboration avec les praticiens et praticiennes de l\u2019industrie.&nbsp;<\/li>\n<\/ul>\n\n\n\n<p>La prochaine s\u00e9rie de demandes de propositions pour les subventions pour la recherche universitaire sera disponible \u00e0 l\u2019automne.<\/p>\n\n\n\n<div class=\"wp-block-buttons is-layout-flex wp-block-buttons-is-layout-flex\">\n<div class=\"wp-block-button\"><a class=\"wp-block-button__link wp-element-button\" href=\"https:\/\/cia-ica.ca\/fr\/publications\/?keyword=&amp;publication-type%5B%5D=178&amp;date_from=&amp;date_to=&amp;access_level=all&amp;sort=DATE_DESC#search\">Consultez les demandes de propositions<\/a><\/div>\n<\/div>\n","protected":false},"excerpt":{"rendered":"<p>Le Programme de subvention pour la recherche universitaire de l\u2019ICA offre du financement \u00e0 des \u00e9tudiants et \u00e9tudiantes d\u2019une universit\u00e9 canadienne dans le but de faire progresser la recherche en science actuarielle. Il offre \u00e0 la population \u00e9tudiante des universit\u00e9s [&hellip;]<\/p>\n","protected":false},"author":1,"featured_media":0,"parent":3382,"menu_order":4,"comment_status":"closed","ping_status":"closed","template":"","meta":{"_acf_changed":false,"ep_exclude_from_search":false,"wicket_organization":"","footnotes":""},"class_list":["post-4825","page","type-page","status-publish","hentry"],"acf":[],"_links":{"self":[{"href":"https:\/\/www.cia-ica.ca\/fr\/wp-json\/wp\/v2\/pages\/4825","targetHints":{"allow":["GET"]}}],"collection":[{"href":"https:\/\/www.cia-ica.ca\/fr\/wp-json\/wp\/v2\/pages"}],"about":[{"href":"https:\/\/www.cia-ica.ca\/fr\/wp-json\/wp\/v2\/types\/page"}],"author":[{"embeddable":true,"href":"https:\/\/www.cia-ica.ca\/fr\/wp-json\/wp\/v2\/users\/1"}],"replies":[{"embeddable":true,"href":"https:\/\/www.cia-ica.ca\/fr\/wp-json\/wp\/v2\/comments?post=4825"}],"version-history":[{"count":9,"href":"https:\/\/www.cia-ica.ca\/fr\/wp-json\/wp\/v2\/pages\/4825\/revisions"}],"predecessor-version":[{"id":345841,"href":"https:\/\/www.cia-ica.ca\/fr\/wp-json\/wp\/v2\/pages\/4825\/revisions\/345841"}],"up":[{"embeddable":true,"href":"https:\/\/www.cia-ica.ca\/fr\/wp-json\/wp\/v2\/pages\/3382"}],"wp:attachment":[{"href":"https:\/\/www.cia-ica.ca\/fr\/wp-json\/wp\/v2\/media?parent=4825"}],"curies":[{"name":"wp","href":"https:\/\/api.w.org\/{rel}","templated":true}]}}