{"id":4563,"date":"2023-10-02T16:03:25","date_gmt":"2023-10-02T16:03:25","guid":{"rendered":"https:\/\/cia-ica.ca\/wp\/becoming-an-associate\/"},"modified":"2026-02-27T15:54:23","modified_gmt":"2026-02-27T20:54:23","slug":"devenir-membre-associe","status":"publish","type":"page","link":"https:\/\/www.cia-ica.ca\/fr\/devenir-membre\/devenir-membre-associe\/","title":{"rendered":"Devenir membre associ\u00e9"},"content":{"rendered":"\n<div class=\"wp-block-media-text is-stacked-on-mobile is-vertically-aligned-center\" style=\"grid-template-columns:35% auto\"><figure class=\"wp-block-media-text__media\"><img loading=\"lazy\" decoding=\"async\" width=\"540\" height=\"540\" src=\"https:\/\/cia-ica.ca\/app\/uploads\/2023\/10\/Becoming-An-Associate_Chevron-Tile_540x540_1.png\" alt=\"Une jeune femme qui sourit \u00e0 la cam\u00e9ra.\" class=\"wp-image-3431 size-full\" srcset=\"https:\/\/www.cia-ica.ca\/app\/uploads\/2023\/10\/Becoming-An-Associate_Chevron-Tile_540x540_1.png 540w, https:\/\/www.cia-ica.ca\/app\/uploads\/2023\/10\/Becoming-An-Associate_Chevron-Tile_540x540_1-300x300.png 300w, https:\/\/www.cia-ica.ca\/app\/uploads\/2023\/10\/Becoming-An-Associate_Chevron-Tile_540x540_1-100x100.png 100w, https:\/\/www.cia-ica.ca\/app\/uploads\/2023\/10\/Becoming-An-Associate_Chevron-Tile_540x540_1-150x150.png 150w, https:\/\/www.cia-ica.ca\/app\/uploads\/2023\/10\/Becoming-An-Associate_Chevron-Tile_540x540_1-200x200.png 200w\" sizes=\"auto, (max-width: 540px) 100vw, 540px\" \/><\/figure><div class=\"wp-block-media-text__content\">\n<h2 class=\"wp-block-heading\" id=\"h-qu-est-ce-qu-un-ou-une-aica\">Qu\u2019est-ce qu\u2019un ou une AICA?<\/h2>\n\n\n\n<p>Un associ\u00e9 ou une associ\u00e9e de l\u2019Institut canadien des actuaires (AICA) poss\u00e8de les connaissances n\u00e9cessaires pour identifier, \u00e9valuer et analyser les risques, en plus des comp\u00e9tences techniques, des aptitudes en communication et du sens des affaires d\u00e9crits dans le programme d\u2019\u00e9tudes de l\u2019ICA.<\/p>\n\n\n\n<p>Les AICA travaillent g\u00e9n\u00e9ralement dans des secteurs qui n\u00e9cessitent de solides comp\u00e9tences techniques et analytiques. Les associ\u00e9s et associ\u00e9es peuvent faire suivre leurs noms des initiales AICA et peuvent viser l\u2019obtention du titre de FICA. Les AICA n\u2019ont pas de pouvoir de signature et ne peuvent pas occuper des r\u00f4les exclusifs au Canada.<\/p>\n\n\n\n<p>En moyenne, il faut environ cinq \u00e0 sept ans pour devenir un ou une AICA en comptant la formation universitaire.<\/p>\n<\/div><\/div>\n\n\n\n<div style=\"height:15px\" aria-hidden=\"true\" class=\"wp-block-spacer\"><\/div>\n\n\n\n<div class=\"wp-block-media-text has-media-on-the-right is-stacked-on-mobile is-vertically-aligned-center\" style=\"grid-template-columns:auto 35%\"><div class=\"wp-block-media-text__content\">\n<h2 class=\"wp-block-heading\" id=\"h-pourquoi-vous-devriez-envisager-d-obtenir-votre-titre-d-aica\">Pourquoi vous devriez envisager d&rsquo;obtenir votre titre d\u2019AICA<\/h2>\n\n\n\n<p>Un titre professionnel d\u00e9livr\u00e9 par l\u2019ICA montre aux employeurs, aux clients et aux autres professionnels et professionnelles potentiels que vous poss\u00e9dez les connaissances, les comp\u00e9tences et le professionnalisme n\u00e9cessaires pour devenir un ou une actuaire efficace. Votre titre d\u2019AICA vous pr\u00e9parera \u00e0 la r\u00e9ussite professionnelle.<\/p>\n\n\n\n<p>En tant que membre de l&rsquo;ICA, vous b\u00e9n\u00e9ficierez d\u2019un programme d\u2019\u00e9tudes exhaustif, d\u2019un perfectionnement professionnel continu solide, de recherches de pointe qui stimulent la r\u00e9flexion, ainsi que de normes de pratique bilingues de calibre mondial fond\u00e9es sur des principes, en plus de documents et de ressources d\u2019orientation.<\/p>\n<\/div><figure class=\"wp-block-media-text__media\"><img loading=\"lazy\" decoding=\"async\" width=\"540\" height=\"540\" src=\"https:\/\/cia-ica.ca\/app\/uploads\/2023\/10\/Becoming-An-Associate_Chevron-Tile_540x540_2.png\" alt=\"Un jeune homme qui sourit \u00e0 la cam\u00e9ra.\" class=\"wp-image-3429 size-full\" srcset=\"https:\/\/www.cia-ica.ca\/app\/uploads\/2023\/10\/Becoming-An-Associate_Chevron-Tile_540x540_2.png 540w, https:\/\/www.cia-ica.ca\/app\/uploads\/2023\/10\/Becoming-An-Associate_Chevron-Tile_540x540_2-300x300.png 300w, https:\/\/www.cia-ica.ca\/app\/uploads\/2023\/10\/Becoming-An-Associate_Chevron-Tile_540x540_2-100x100.png 100w, https:\/\/www.cia-ica.ca\/app\/uploads\/2023\/10\/Becoming-An-Associate_Chevron-Tile_540x540_2-150x150.png 150w, https:\/\/www.cia-ica.ca\/app\/uploads\/2023\/10\/Becoming-An-Associate_Chevron-Tile_540x540_2-200x200.png 200w\" sizes=\"auto, (max-width: 540px) 100vw, 540px\" \/><\/figure><\/div>\n\n\n\n<div style=\"height:20px\" aria-hidden=\"true\" class=\"wp-block-spacer\"><\/div>\n\n\n\n<div class=\"wp-block-media-text is-stacked-on-mobile is-vertically-aligned-center\" style=\"grid-template-columns:35% auto\"><figure class=\"wp-block-media-text__media\"><img loading=\"lazy\" decoding=\"async\" width=\"702\" height=\"430\" src=\"https:\/\/cia-ica.ca\/app\/uploads\/2023\/10\/Becoming-An-Associate_Chevron-Tile_540x540_ACIA-Syllabus.png\" alt=\"Une femme et un homme assis \u00e0 une table.\" class=\"wp-image-3451 size-full\" srcset=\"https:\/\/www.cia-ica.ca\/app\/uploads\/2023\/10\/Becoming-An-Associate_Chevron-Tile_540x540_ACIA-Syllabus.png 702w, https:\/\/www.cia-ica.ca\/app\/uploads\/2023\/10\/Becoming-An-Associate_Chevron-Tile_540x540_ACIA-Syllabus-600x368.png 600w, https:\/\/www.cia-ica.ca\/app\/uploads\/2023\/10\/Becoming-An-Associate_Chevron-Tile_540x540_ACIA-Syllabus-300x184.png 300w, https:\/\/www.cia-ica.ca\/app\/uploads\/2023\/10\/Becoming-An-Associate_Chevron-Tile_540x540_ACIA-Syllabus-327x200.png 327w\" sizes=\"auto, (max-width: 702px) 100vw, 702px\" \/><\/figure><div class=\"wp-block-media-text__content\">\n<h2 class=\"wp-block-heading\" id=\"h-programme-d-etudes-de-niveau-aica\">Programme d\u2019\u00e9tudes de niveau AICA<\/h2>\n\n\n\n<p>Le programme d\u2019\u00e9tudes de niveau AICA fait le pont entre l&rsquo;enseignement universitaire et le monde du travail. Le programme couvre les modules <a href=\"https:\/\/www.cia-ica.ca\/fr\/devenir-membre\/devenir-membre-associe\/modules-et-examen-synthese-de-niveau-aica\/\">AICA 1<\/a> et <a href=\"https:\/\/www.cia-ica.ca\/fr\/devenir-membre\/devenir-membre-associe\/modules-et-examen-synthese-de-niveau-aica\/\">AICA 2<\/a> ainsi que l&rsquo;<a href=\"https:\/\/www.cia-ica.ca\/fr\/devenir-membre\/devenir-membre-associe\/modules-et-examen-synthese-de-niveau-aica\/\">Examen synth\u00e8se de niveau AICA<\/a>.<\/p>\n\n\n\n<div class=\"wp-block-buttons is-layout-flex wp-block-buttons-is-layout-flex\">\n<div class=\"wp-block-button\"><a class=\"wp-block-button__link wp-element-button\" href=\"https:\/\/www.cia-ica.ca\/fr\/publications\/225050f\/\">Pour en savoir plus sur notre programme d\u2019\u00e9tudes<\/a><\/div>\n<\/div>\n<\/div><\/div>\n\n\n\n<div class=\"wp-block-media-text is-stacked-on-mobile is-vertically-aligned-center\" style=\"grid-template-columns:35% auto\"><figure class=\"wp-block-media-text__media\"><img loading=\"lazy\" decoding=\"async\" width=\"703\" height=\"431\" src=\"https:\/\/www.cia-ica.ca\/app\/uploads\/2023\/11\/Being-A-Member_Icon_702x430_Calendar-1.png\" alt=\"Ic\u00f4ne d\u00e9corative\" class=\"wp-image-53133 size-full\" srcset=\"https:\/\/www.cia-ica.ca\/app\/uploads\/2023\/11\/Being-A-Member_Icon_702x430_Calendar-1.png 703w, https:\/\/www.cia-ica.ca\/app\/uploads\/2023\/11\/Being-A-Member_Icon_702x430_Calendar-1-600x368.png 600w, https:\/\/www.cia-ica.ca\/app\/uploads\/2023\/11\/Being-A-Member_Icon_702x430_Calendar-1-300x184.png 300w, https:\/\/www.cia-ica.ca\/app\/uploads\/2023\/11\/Being-A-Member_Icon_702x430_Calendar-1-326x200.png 326w\" sizes=\"auto, (max-width: 703px) 100vw, 703px\" \/><\/figure><div class=\"wp-block-media-text__content\">\n<h2 class=\"wp-block-heading\" id=\"h-dates-importantes\">Dates importantes<\/h2>\n\n\n\n<p>Dates d&rsquo;examen pour l&rsquo;Examen synth\u00e8se de niveau AICA :<\/p>\n\n\n\n<ul class=\"wp-block-list\">\n<li><a href=\"https:\/\/www.cia-ica.ca\/fr\/courses-and-exams\/examen-synthese-de-niveau-aica-2\/\">Les 24 et 26 mars 2026<\/a><\/li>\n\n\n\n<li>Les 22 et 24 septembre 2026<\/li>\n<\/ul>\n\n\n\n<p>Consultez un \u00e9chantillon d&rsquo;<a href=\"https:\/\/www.cia-ica.ca\/fr\/publications\/?keyword=examen+AICA&#038;publication-category%5B%5D=107&#038;date_from=&#038;date_to=&#038;access_level=all&#038;status=all&#038;sort=DATE_DESC#search\">Examens synth\u00e8se de niveau AICA<\/a> administr\u00e9s pr\u00e9c\u00e9demment.<\/p>\n<\/div><\/div>\n\n\n\n<div style=\"height:20px\" aria-hidden=\"true\" class=\"wp-block-spacer\"><\/div>\n\n\n\n<div class=\"wp-block-media-text is-stacked-on-mobile\" style=\"grid-template-columns:35% auto\"><figure class=\"wp-block-media-text__media\"><img loading=\"lazy\" decoding=\"async\" width=\"702\" height=\"430\" src=\"http:\/\/cia-ica.ca\/app\/uploads\/2023\/12\/Zoom-Calls_702x430.png\" alt=\"Un homme et une femme qui regardent une tablette.\" class=\"wp-image-54185 size-full\" srcset=\"https:\/\/www.cia-ica.ca\/app\/uploads\/2023\/12\/Zoom-Calls_702x430.png 702w, https:\/\/www.cia-ica.ca\/app\/uploads\/2023\/12\/Zoom-Calls_702x430-300x184.png 300w, https:\/\/www.cia-ica.ca\/app\/uploads\/2023\/12\/Zoom-Calls_702x430-327x200.png 327w, https:\/\/www.cia-ica.ca\/app\/uploads\/2023\/12\/Zoom-Calls_702x430-600x368.png 600w\" sizes=\"auto, (max-width: 702px) 100vw, 702px\" \/><\/figure><div class=\"wp-block-media-text__content\">\n<h2 class=\"wp-block-heading\" id=\"h-posez-vos-questions-relatives-a-l-education-sur-zoom\">Posez vos questions relatives \u00e0 l\u2019\u00e9ducation sur Zoom<\/h2>\n\n\n\n<p> Rejoignez-nous <a href=\"https:\/\/cia-ica-ca.zoom.us\/j\/86865179998?pwd=TllLRW5Za0xmdkVaanFOQ044WllMQT09#success\">le premier et le dernier vendredi de chaque mois de 12 h \u00e0 12 h 30 (HE)<\/a> pour discuter avec nos sp\u00e9cialistes en \u00e9ducation des parcours \u00e9ducatifs. Nous avons h\u00e2te de r\u00e9pondre \u00e0 vos questions sur la fa\u00e7on de devenir actuaire.<\/p>\n<\/div><\/div>\n\n\n\n<div style=\"height:22px\" aria-hidden=\"true\" class=\"wp-block-spacer\"><\/div>\n\n\n\n<div class=\"wp-block-media-text has-media-on-the-right is-stacked-on-mobile is-vertically-aligned-center\" style=\"grid-template-columns:auto 35%\"><div class=\"wp-block-media-text__content\">\n<h2 class=\"wp-block-heading\" id=\"h-pret-ou-prete-a-devenir-membre-aica-nbsp\">Pr\u00eat ou pr\u00eate \u00e0 devenir membre AICA?&nbsp;<\/h2>\n\n\n\n<p>Si vous avez r\u00e9ussi toutes les exigences pr\u00e9alables exig\u00e9es par les <a href=\"https:\/\/www.cia-ica.ca\/fr\/devenir-membre\/parcours-de-qualification\/\">parcours de qualification<\/a> de niveau AICA (y compris toute exemption ou tout cr\u00e9dit pour ces exigences pr\u00e9alables) et que vous \u00eates pr\u00eat ou pr\u00eate \u00e0 pr\u00e9senter une demande d\u2019adh\u00e9sion, veuillez soumettre votre demande \u00e0 <a href=\"mailto:adhesion@cia-ica.ca\" target=\"_blank\" rel=\"noreferrer noopener\">adhesion@cia-ica.ca<\/a>.&nbsp;<\/p>\n\n\n\n<div class=\"wp-block-buttons is-layout-flex wp-block-buttons-is-layout-flex\"><\/div>\n<\/div><figure class=\"wp-block-media-text__media\"><img loading=\"lazy\" decoding=\"async\" width=\"1024\" height=\"1024\" src=\"https:\/\/cia-ica.ca\/app\/uploads\/2023\/10\/Becoming-An-Associate_Chevron-Tile_540x540_3-1024x1024.png\" alt=\"Une femme avec des lunettes et une chemise blanche qui regardant la cam\u00e9ra.\" class=\"wp-image-3473 size-full\" srcset=\"https:\/\/www.cia-ica.ca\/app\/uploads\/2023\/10\/Becoming-An-Associate_Chevron-Tile_540x540_3-1024x1024.png 1024w, https:\/\/www.cia-ica.ca\/app\/uploads\/2023\/10\/Becoming-An-Associate_Chevron-Tile_540x540_3-300x300.png 300w, https:\/\/www.cia-ica.ca\/app\/uploads\/2023\/10\/Becoming-An-Associate_Chevron-Tile_540x540_3-100x100.png 100w, https:\/\/www.cia-ica.ca\/app\/uploads\/2023\/10\/Becoming-An-Associate_Chevron-Tile_540x540_3-600x600.png 600w, https:\/\/www.cia-ica.ca\/app\/uploads\/2023\/10\/Becoming-An-Associate_Chevron-Tile_540x540_3-150x150.png 150w, https:\/\/www.cia-ica.ca\/app\/uploads\/2023\/10\/Becoming-An-Associate_Chevron-Tile_540x540_3-768x768.png 768w, https:\/\/www.cia-ica.ca\/app\/uploads\/2023\/10\/Becoming-An-Associate_Chevron-Tile_540x540_3-200x200.png 200w, https:\/\/www.cia-ica.ca\/app\/uploads\/2023\/10\/Becoming-An-Associate_Chevron-Tile_540x540_3.png 1335w\" sizes=\"auto, (max-width: 1024px) 100vw, 1024px\" \/><\/figure><\/div>\n\n\n\n<div style=\"height:15px\" aria-hidden=\"true\" class=\"wp-block-spacer\"><\/div>\n","protected":false},"excerpt":{"rendered":"<p>Qu\u2019est-ce qu\u2019un ou une AICA? Un associ\u00e9 ou une associ\u00e9e de l\u2019Institut canadien des actuaires (AICA) poss\u00e8de les connaissances n\u00e9cessaires pour identifier, \u00e9valuer et analyser les risques, en plus des comp\u00e9tences techniques, des aptitudes en communication et du sens des [&hellip;]<\/p>\n","protected":false},"author":1,"featured_media":0,"parent":38548,"menu_order":2,"comment_status":"closed","ping_status":"closed","template":"","meta":{"_acf_changed":false,"ep_exclude_from_search":false,"wicket_organization":"","footnotes":""},"class_list":["post-4563","page","type-page","status-publish","hentry"],"acf":[],"_links":{"self":[{"href":"https:\/\/www.cia-ica.ca\/fr\/wp-json\/wp\/v2\/pages\/4563","targetHints":{"allow":["GET"]}}],"collection":[{"href":"https:\/\/www.cia-ica.ca\/fr\/wp-json\/wp\/v2\/pages"}],"about":[{"href":"https:\/\/www.cia-ica.ca\/fr\/wp-json\/wp\/v2\/types\/page"}],"author":[{"embeddable":true,"href":"https:\/\/www.cia-ica.ca\/fr\/wp-json\/wp\/v2\/users\/1"}],"replies":[{"embeddable":true,"href":"https:\/\/www.cia-ica.ca\/fr\/wp-json\/wp\/v2\/comments?post=4563"}],"version-history":[{"count":95,"href":"https:\/\/www.cia-ica.ca\/fr\/wp-json\/wp\/v2\/pages\/4563\/revisions"}],"predecessor-version":[{"id":802833,"href":"https:\/\/www.cia-ica.ca\/fr\/wp-json\/wp\/v2\/pages\/4563\/revisions\/802833"}],"up":[{"embeddable":true,"href":"https:\/\/www.cia-ica.ca\/fr\/wp-json\/wp\/v2\/pages\/38548"}],"wp:attachment":[{"href":"https:\/\/www.cia-ica.ca\/fr\/wp-json\/wp\/v2\/media?parent=4563"}],"curies":[{"name":"wp","href":"https:\/\/api.w.org\/{rel}","templated":true}]}}