{"id":4489,"date":"2023-09-27T14:06:49","date_gmt":"2023-09-27T14:06:49","guid":{"rendered":"https:\/\/cia-ica.ca\/wp\/partners-and-networks\/"},"modified":"2024-09-16T12:22:47","modified_gmt":"2024-09-16T16:22:47","slug":"partenaires-et-reseaux","status":"publish","type":"page","link":"https:\/\/www.cia-ica.ca\/fr\/lica\/partenaires-et-reseaux\/","title":{"rendered":"Partenaires et r\u00e9seaux"},"content":{"rendered":"\n<p>L\u2019ICA est tr\u00e8s fier de parrainer et de soutenir des organisations cl\u00e9s \u00e0 l\u2019avant-garde de l\u2019avancement de la profession actuarielle au Canada.<\/p>\n\n\n\n<div class=\"wp-block-columns are-vertically-aligned-center is-layout-flex wp-container-core-columns-is-layout-1 wp-block-columns-is-layout-flex\">\n<div class=\"wp-block-column is-vertically-aligned-center is-layout-flow wp-block-column-is-layout-flow\" style=\"flex-basis:33.33%\"><div class=\"wp-block-image\">\n<figure class=\"aligncenter size-full\"><a href=\"https:\/\/anea-asna.ca\/home\" target=\"_blank\" rel=\"noreferrer noopener\"><img decoding=\"async\" src=\"https:\/\/cia-ica.ca\/app\/uploads\/2023\/10\/Partners-Networks_Logo-Tiles_775x500_ASNA.png\" alt=\"Logo de l\u2019AN\u00c9A\" class=\"wp-image-3093\"\/><\/a><\/figure><\/div><\/div>\n\n\n\n<div class=\"wp-block-column is-vertically-aligned-center is-layout-flow wp-block-column-is-layout-flow\" style=\"flex-basis:66.66%\">\n<p>Depuis sa cr\u00e9ation, l\u2019ICA est un partenaire strat\u00e9gique de l\u2019<a href=\"https:\/\/anea-asna.ca\/accueil\/\" target=\"_blank\" rel=\"noreferrer noopener\">Association nationale des \u00e9tudiants en actuariat<\/a> (AN\u00c9A) et est le grand m\u00e9c\u00e8ne de son congr\u00e8s annuel. L\u2019ICA soutient \u00e9galement l\u2019AN\u00c9A en parrainant trois bourses d\u2019\u00e9tudes ax\u00e9es sur la diversit\u00e9, l\u2019\u00e9quit\u00e9 et l\u2019inclusion, en fournissant \u00e0 l\u2019AN\u00c9A des technologies de web\u00e9missions pour organiser ses propres s\u00e9ances de formation, et en organisant chaque ann\u00e9e un \u00e9v\u00e9nement conjoint de fin d\u2019\u00e9t\u00e9. Ce partenariat strat\u00e9gique est fond\u00e9 sur un objectif commun : inspirer et \u00e9duquer la prochaine g\u00e9n\u00e9ration de leaders actuariels au Canada. Ensemble, nous offrons des occasions exceptionnelles \u00e0 l\u2019\u00e9chelle nationale pour former les futurs actuaires et faciliter leur croissance.\u00a0<\/p>\n<\/div>\n<\/div>\n\n\n\n<div class=\"wp-block-columns are-vertically-aligned-center is-layout-flex wp-container-core-columns-is-layout-2 wp-block-columns-is-layout-flex\">\n<div class=\"wp-block-column is-vertically-aligned-center is-layout-flow wp-block-column-is-layout-flow\" style=\"flex-basis:33.33%\"><div class=\"wp-block-image\">\n<figure class=\"aligncenter size-full\"><a href=\"https:\/\/afc-fac.ca\/\" target=\"_blank\" rel=\"noreferrer noopener\"><img loading=\"lazy\" decoding=\"async\" width=\"775\" height=\"500\" src=\"https:\/\/cia-ica.ca\/app\/uploads\/2023\/10\/Partners-Networks_Logo-Tiles_775x500_AFC.png\" alt=\"Logo de la FAC\" class=\"wp-image-3091\" srcset=\"https:\/\/www.cia-ica.ca\/app\/uploads\/2023\/10\/Partners-Networks_Logo-Tiles_775x500_AFC.png 775w, https:\/\/www.cia-ica.ca\/app\/uploads\/2023\/10\/Partners-Networks_Logo-Tiles_775x500_AFC-600x387.png 600w, https:\/\/www.cia-ica.ca\/app\/uploads\/2023\/10\/Partners-Networks_Logo-Tiles_775x500_AFC-300x194.png 300w, https:\/\/www.cia-ica.ca\/app\/uploads\/2023\/10\/Partners-Networks_Logo-Tiles_775x500_AFC-768x495.png 768w, https:\/\/www.cia-ica.ca\/app\/uploads\/2023\/10\/Partners-Networks_Logo-Tiles_775x500_AFC-310x200.png 310w\" sizes=\"auto, (max-width: 775px) 100vw, 775px\" \/><\/a><\/figure><\/div><\/div>\n\n\n\n<div class=\"wp-block-column is-vertically-aligned-center is-layout-flow wp-block-column-is-layout-flow\" style=\"flex-basis:66.66%\">\n<p>Reconnaissant l\u2019importance de promouvoir les connaissances financi\u00e8res, l\u2019\u00e9ducation et les carri\u00e8res en sciences actuarielles et math\u00e9matiques chez les jeunes, l\u2019ICA collabore depuis longtemps avec la <a href=\"https:\/\/afc-fac.ca\/fr\/accueil\/\" target=\"_blank\" rel=\"noreferrer noopener\">Fondation actuarielle du Canada<\/a>, leur fournissant un soutien financier et non financier. Ce partenariat joue un r\u00f4le crucial dans la cr\u00e9ation de r\u00e9seaux au sein de la communaut\u00e9 actuarielle et dans l\u2019am\u00e9lioration des connaissances math\u00e9matiques des jeunes. Il soutient g\u00e9n\u00e9ralement la strat\u00e9gie de sensibilisation de l\u2019ICA aupr\u00e8s des \u00e9coles secondaires, notamment en am\u00e9liorant et en encourageant la repr\u00e9sentation autochtone au sein de la profession actuarielle canadienne.&nbsp;<\/p>\n<\/div>\n<\/div>\n\n\n\n<div class=\"wp-block-columns are-vertically-aligned-center is-layout-flex wp-container-core-columns-is-layout-3 wp-block-columns-is-layout-flex\">\n<div class=\"wp-block-column is-vertically-aligned-center is-layout-flow wp-block-column-is-layout-flow\" style=\"flex-basis:33.33%\"><div class=\"wp-block-image\">\n<figure class=\"aligncenter size-full\"><a href=\"https:\/\/www.actuaries.org\/iaa\" target=\"_blank\" rel=\"noreferrer noopener\"><img loading=\"lazy\" decoding=\"async\" width=\"775\" height=\"500\" src=\"https:\/\/cia-ica.ca\/app\/uploads\/2023\/10\/Partners-Networks_Logo-Tiles_775x500_IAA.png\" alt=\"Logo de l\u2019AAI\" class=\"wp-image-3101\" srcset=\"https:\/\/www.cia-ica.ca\/app\/uploads\/2023\/10\/Partners-Networks_Logo-Tiles_775x500_IAA.png 775w, https:\/\/www.cia-ica.ca\/app\/uploads\/2023\/10\/Partners-Networks_Logo-Tiles_775x500_IAA-600x387.png 600w, https:\/\/www.cia-ica.ca\/app\/uploads\/2023\/10\/Partners-Networks_Logo-Tiles_775x500_IAA-300x194.png 300w, https:\/\/www.cia-ica.ca\/app\/uploads\/2023\/10\/Partners-Networks_Logo-Tiles_775x500_IAA-768x495.png 768w, https:\/\/www.cia-ica.ca\/app\/uploads\/2023\/10\/Partners-Networks_Logo-Tiles_775x500_IAA-310x200.png 310w\" sizes=\"auto, (max-width: 775px) 100vw, 775px\" \/><\/a><\/figure><\/div><\/div>\n\n\n\n<div class=\"wp-block-column is-vertically-aligned-center is-layout-flow wp-block-column-is-layout-flow\" style=\"flex-basis:66.66%\">\n<p>L\u2019ICA entretient des relations avec diverses associations internationales gr\u00e2ce \u00e0 sa participation et \u00e0 son soutien \u00e0 l\u2019<a href=\"https:\/\/www.actuaries.org\/iaa\" target=\"_blank\" rel=\"noreferrer noopener\">Association actuarielle internationale<\/a> (AAI), l\u2019association mondiale des organisations actuarielles. La participation de l\u2019ICA aux activit\u00e9s de l\u2019AAI et la collaboration avec d\u2019autres organisations actuarielles du monde entier assurent le d\u00e9veloppement de la profession au service du public et garantissent que les connaissances et les pratiques exemplaires sont accessibles aux membres de l\u2019ICA. L\u2019\u00e9laboration, la mise en \u0153uvre et la communication de ses priorit\u00e9s internationales sont r\u00e9gies par la <a href=\"https:\/\/www.cia-ica.ca\/fr\/lica\/directions\/\">Direction des affaires internationales<\/a>.&nbsp;<\/p>\n<\/div>\n<\/div>\n\n\n\n<div class=\"wp-block-columns are-vertically-aligned-center is-layout-flex wp-container-core-columns-is-layout-4 wp-block-columns-is-layout-flex\">\n<div class=\"wp-block-column is-vertically-aligned-center is-layout-flow wp-block-column-is-layout-flow\" style=\"flex-basis:33.33%\"><div class=\"wp-block-image\">\n<figure class=\"aligncenter size-full\"><a href=\"https:\/\/www.unepfi.org\/\" target=\"_blank\" rel=\"noreferrer noopener\"><img loading=\"lazy\" decoding=\"async\" width=\"775\" height=\"500\" src=\"https:\/\/cia-ica.ca\/app\/uploads\/2023\/10\/Partners-Networks_Logo-Tiles_775x500_UNEP-FI.png\" alt=\"Logo du Programme des Nations Unies pour l\u2019environnement\" class=\"wp-image-3095\" srcset=\"https:\/\/www.cia-ica.ca\/app\/uploads\/2023\/10\/Partners-Networks_Logo-Tiles_775x500_UNEP-FI.png 775w, https:\/\/www.cia-ica.ca\/app\/uploads\/2023\/10\/Partners-Networks_Logo-Tiles_775x500_UNEP-FI-600x387.png 600w, https:\/\/www.cia-ica.ca\/app\/uploads\/2023\/10\/Partners-Networks_Logo-Tiles_775x500_UNEP-FI-300x194.png 300w, https:\/\/www.cia-ica.ca\/app\/uploads\/2023\/10\/Partners-Networks_Logo-Tiles_775x500_UNEP-FI-768x495.png 768w, https:\/\/www.cia-ica.ca\/app\/uploads\/2023\/10\/Partners-Networks_Logo-Tiles_775x500_UNEP-FI-310x200.png 310w\" sizes=\"auto, (max-width: 775px) 100vw, 775px\" \/><\/a><\/figure><\/div><\/div>\n\n\n\n<div class=\"wp-block-column is-vertically-aligned-center is-layout-flow wp-block-column-is-layout-flow\" style=\"flex-basis:66.66%\">\n<p>L\u2019ICA est fier d\u2019\u00eatre un gardien du leadership et de la viabilit\u00e9 en tant qu\u2019institution de soutien \u00e0 l\u2019<a href=\"https:\/\/www.unepfi.org\/\" target=\"_blank\" rel=\"noreferrer noopener\">Initiative financi\u00e8re du Programme des Nations Unies pour l\u2019environnement<\/a>, une collaboration d\u2019entreprises et de fondations des secteurs de la finance et de l\u2019assurance qui se consacrent \u00e0 la viabilit\u00e9 financi\u00e8re et \u00e0 la r\u00e9solution des probl\u00e8mes environnementaux, sociaux et de gouvernance \u00e0 l\u2019\u00e9chelle mondiale.&nbsp;<\/p>\n<\/div>\n<\/div>\n\n\n\n<p>L\u2019ICA se soucie des gens et de la communaut\u00e9, et favorise un environnement diversifi\u00e9 et inclusif. Dans le cadre de son <a href=\"https:\/\/cia-ica.ca\/fr\/lica\/diversite-equite-et-inclusion\/\"><strong>travail en mati\u00e8re de diversit\u00e9, d\u2019\u00e9quit\u00e9 et d\u2019inclusion<\/strong><\/a>, l\u2019ICA parraine et \u00e9tablit des liens avec un nombre de r\u00e9seaux actuariels engag\u00e9s envers ces valeurs, notamment des <a href=\"https:\/\/cia-ica.ca\/fr\/commencer-votre-parcours\/clubs-actuariels-et-autres-associations\/\">clubs actuariels partout au Canada<\/a>, le <a href=\"https:\/\/ccdi.ca\/accueil\/\" target=\"_blank\" rel=\"noreferrer noopener\">Centre canadien pour la diversit\u00e9 et l\u2019inclusion<\/a> et des associations sp\u00e9cifiques vou\u00e9es \u00e0 la diversit\u00e9 et \u00e0 l\u2019inclusion, tels que l\u2019<a href=\"https:\/\/www.blackactuaries.org\/\" target=\"_blank\" rel=\"noreferrer noopener\">International Association of Black Actuaries<\/a>, le <a href=\"https:\/\/www.nawaactuaries.org\/\" target=\"_blank\" rel=\"noreferrer noopener\">Network of Actuarial Women and Allies<\/a>, le <a href=\"https:\/\/www.sagaactuaries.org\/\" target=\"_blank\" rel=\"noreferrer noopener\">Sexuality and Gender Alliance of Actuaries<\/a> et le <a href=\"https:\/\/www.sanaactuaries.org\/\" target=\"_blank\" rel=\"noreferrer noopener\">South Asian Network of Actuaries<\/a>.&nbsp;<\/p>\n\n\n\n<div class=\"wp-block-columns are-vertically-aligned-center is-layout-flex wp-container-core-columns-is-layout-5 wp-block-columns-is-layout-flex\">\n<div class=\"wp-block-column is-vertically-aligned-center is-layout-flow wp-block-column-is-layout-flow\"><div class=\"wp-block-image\">\n<figure class=\"aligncenter size-full\"><a href=\"https:\/\/ccdi.ca\/\" target=\"_blank\" rel=\"noreferrer noopener\"><img loading=\"lazy\" decoding=\"async\" width=\"775\" height=\"500\" src=\"https:\/\/cia-ica.ca\/app\/uploads\/2023\/10\/Partners-Networks_Logo-Tiles_775x500_CCDI.png\" alt=\"Logo du CCDI\" class=\"wp-image-3099\" srcset=\"https:\/\/www.cia-ica.ca\/app\/uploads\/2023\/10\/Partners-Networks_Logo-Tiles_775x500_CCDI.png 775w, https:\/\/www.cia-ica.ca\/app\/uploads\/2023\/10\/Partners-Networks_Logo-Tiles_775x500_CCDI-600x387.png 600w, https:\/\/www.cia-ica.ca\/app\/uploads\/2023\/10\/Partners-Networks_Logo-Tiles_775x500_CCDI-300x194.png 300w, https:\/\/www.cia-ica.ca\/app\/uploads\/2023\/10\/Partners-Networks_Logo-Tiles_775x500_CCDI-768x495.png 768w, https:\/\/www.cia-ica.ca\/app\/uploads\/2023\/10\/Partners-Networks_Logo-Tiles_775x500_CCDI-310x200.png 310w\" sizes=\"auto, (max-width: 775px) 100vw, 775px\" \/><\/a><\/figure><\/div><\/div>\n\n\n\n<div class=\"wp-block-column is-vertically-aligned-center is-layout-flow wp-block-column-is-layout-flow\"><div class=\"wp-block-image\">\n<figure class=\"aligncenter size-full\"><a href=\"https:\/\/www.blackactuaries.org\/\" target=\"_blank\" rel=\"noreferrer noopener\"><img loading=\"lazy\" decoding=\"async\" width=\"775\" height=\"500\" src=\"https:\/\/cia-ica.ca\/app\/uploads\/2023\/10\/Partners-Networks_Logo-Tiles_775x500_IABA.png\" alt=\"Logo de l'IABA\" class=\"wp-image-3103\" srcset=\"https:\/\/www.cia-ica.ca\/app\/uploads\/2023\/10\/Partners-Networks_Logo-Tiles_775x500_IABA.png 775w, https:\/\/www.cia-ica.ca\/app\/uploads\/2023\/10\/Partners-Networks_Logo-Tiles_775x500_IABA-600x387.png 600w, https:\/\/www.cia-ica.ca\/app\/uploads\/2023\/10\/Partners-Networks_Logo-Tiles_775x500_IABA-300x194.png 300w, https:\/\/www.cia-ica.ca\/app\/uploads\/2023\/10\/Partners-Networks_Logo-Tiles_775x500_IABA-768x495.png 768w, https:\/\/www.cia-ica.ca\/app\/uploads\/2023\/10\/Partners-Networks_Logo-Tiles_775x500_IABA-310x200.png 310w\" sizes=\"auto, (max-width: 775px) 100vw, 775px\" \/><\/a><\/figure><\/div><\/div>\n\n\n\n<div class=\"wp-block-column is-vertically-aligned-center is-layout-flow wp-block-column-is-layout-flow\"><div class=\"wp-block-image\">\n<figure class=\"aligncenter size-full\"><a href=\"https:\/\/www.nawaactuaries.org\/\" target=\"_blank\" rel=\"noreferrer noopener\"><img loading=\"lazy\" decoding=\"async\" width=\"775\" height=\"500\" src=\"https:\/\/cia-ica.ca\/app\/uploads\/2023\/10\/Partners-Networks_Logo-Tiles_775x500_NAWA.png\" alt=\"Logo du NAWA\" class=\"wp-image-3105\" srcset=\"https:\/\/www.cia-ica.ca\/app\/uploads\/2023\/10\/Partners-Networks_Logo-Tiles_775x500_NAWA.png 775w, https:\/\/www.cia-ica.ca\/app\/uploads\/2023\/10\/Partners-Networks_Logo-Tiles_775x500_NAWA-600x387.png 600w, https:\/\/www.cia-ica.ca\/app\/uploads\/2023\/10\/Partners-Networks_Logo-Tiles_775x500_NAWA-300x194.png 300w, https:\/\/www.cia-ica.ca\/app\/uploads\/2023\/10\/Partners-Networks_Logo-Tiles_775x500_NAWA-768x495.png 768w, https:\/\/www.cia-ica.ca\/app\/uploads\/2023\/10\/Partners-Networks_Logo-Tiles_775x500_NAWA-310x200.png 310w\" sizes=\"auto, (max-width: 775px) 100vw, 775px\" \/><\/a><\/figure><\/div><\/div>\n<\/div>\n\n\n\n<div style=\"height:50px\" aria-hidden=\"true\" class=\"wp-block-spacer\"><\/div>\n\n\n\n<div class=\"wp-block-columns is-layout-flex wp-container-core-columns-is-layout-6 wp-block-columns-is-layout-flex\">\n<div class=\"wp-block-column is-layout-flow wp-block-column-is-layout-flow\"><div class=\"wp-block-image\">\n<figure class=\"alignright size-full is-resized\"><a href=\"https:\/\/www.sagaactuaries.org\/\" target=\"_blank\" rel=\"noreferrer noopener\"><img loading=\"lazy\" decoding=\"async\" width=\"775\" height=\"500\" src=\"https:\/\/cia-ica.ca\/app\/uploads\/2023\/10\/Partners-Networks_Logo-Tiles_775x500_SAGAA.png\" alt=\"Logo du Saagaa\" class=\"wp-image-3107\" style=\"aspect-ratio:1.55;width:251px;height:auto\" srcset=\"https:\/\/www.cia-ica.ca\/app\/uploads\/2023\/10\/Partners-Networks_Logo-Tiles_775x500_SAGAA.png 775w, https:\/\/www.cia-ica.ca\/app\/uploads\/2023\/10\/Partners-Networks_Logo-Tiles_775x500_SAGAA-600x387.png 600w, https:\/\/www.cia-ica.ca\/app\/uploads\/2023\/10\/Partners-Networks_Logo-Tiles_775x500_SAGAA-300x194.png 300w, https:\/\/www.cia-ica.ca\/app\/uploads\/2023\/10\/Partners-Networks_Logo-Tiles_775x500_SAGAA-768x495.png 768w, https:\/\/www.cia-ica.ca\/app\/uploads\/2023\/10\/Partners-Networks_Logo-Tiles_775x500_SAGAA-310x200.png 310w\" sizes=\"auto, (max-width: 775px) 100vw, 775px\" \/><\/a><\/figure><\/div><\/div>\n\n\n\n<div class=\"wp-block-column is-layout-flow wp-block-column-is-layout-flow\">\n<figure class=\"wp-block-image size-full\"><img loading=\"lazy\" decoding=\"async\" width=\"172\" height=\"116\" src=\"https:\/\/cia-ica.ca\/app\/uploads\/2023\/10\/Logo_edited.jpg\" alt=\"Logo du SANA\" class=\"wp-image-5288\"\/><\/figure>\n<\/div>\n<\/div>\n","protected":false},"excerpt":{"rendered":"<p>L\u2019ICA est tr\u00e8s fier de parrainer et de soutenir des organisations cl\u00e9s \u00e0 l\u2019avant-garde de l\u2019avancement de la profession actuarielle au Canada. Depuis sa cr\u00e9ation, l\u2019ICA est un partenaire strat\u00e9gique de l\u2019Association nationale des \u00e9tudiants en actuariat (AN\u00c9A) et est [&hellip;]<\/p>\n","protected":false},"author":1,"featured_media":0,"parent":5037,"menu_order":8,"comment_status":"closed","ping_status":"closed","template":"","meta":{"_acf_changed":false,"ep_exclude_from_search":false,"wicket_organization":"","footnotes":""},"class_list":["post-4489","page","type-page","status-publish","hentry"],"acf":[],"_links":{"self":[{"href":"https:\/\/www.cia-ica.ca\/fr\/wp-json\/wp\/v2\/pages\/4489","targetHints":{"allow":["GET"]}}],"collection":[{"href":"https:\/\/www.cia-ica.ca\/fr\/wp-json\/wp\/v2\/pages"}],"about":[{"href":"https:\/\/www.cia-ica.ca\/fr\/wp-json\/wp\/v2\/types\/page"}],"author":[{"embeddable":true,"href":"https:\/\/www.cia-ica.ca\/fr\/wp-json\/wp\/v2\/users\/1"}],"replies":[{"embeddable":true,"href":"https:\/\/www.cia-ica.ca\/fr\/wp-json\/wp\/v2\/comments?post=4489"}],"version-history":[{"count":7,"href":"https:\/\/www.cia-ica.ca\/fr\/wp-json\/wp\/v2\/pages\/4489\/revisions"}],"predecessor-version":[{"id":350683,"href":"https:\/\/www.cia-ica.ca\/fr\/wp-json\/wp\/v2\/pages\/4489\/revisions\/350683"}],"up":[{"embeddable":true,"href":"https:\/\/www.cia-ica.ca\/fr\/wp-json\/wp\/v2\/pages\/5037"}],"wp:attachment":[{"href":"https:\/\/www.cia-ica.ca\/fr\/wp-json\/wp\/v2\/media?parent=4489"}],"curies":[{"name":"wp","href":"https:\/\/api.w.org\/{rel}","templated":true}]}}