{"id":362415,"date":"2024-12-10T09:44:29","date_gmt":"2024-12-10T14:44:29","guid":{"rendered":"https:\/\/www.cia-ica.ca\/?page_id=362415"},"modified":"2025-11-18T11:50:28","modified_gmt":"2025-11-18T16:50:28","slug":"travailler-a-linstitut-canadien-des-actuaires","status":"publish","type":"page","link":"https:\/\/www.cia-ica.ca\/fr\/lica\/travailler-a-linstitut-canadien-des-actuaires\/","title":{"rendered":"Travailler \u00e0 l&rsquo;Institut canadien des actuaires"},"content":{"rendered":"\n<p>Nous reconnaissons et soulignons le caract\u00e8re unique des membres de notre \u00e9quipe en valorisant la diversit\u00e9 de leurs ant\u00e9c\u00e9dents et de leurs exp\u00e9riences de vie. Cette diversit\u00e9 enrichit nos pens\u00e9es, alimente nos id\u00e9es novatrices et stimule notre engagement \u00e0 accomplir un travail qui comporte des d\u00e9fis tout en \u00e9tant significatif.<\/p>\n\n\n\n<p>Vous aimeriez vous joindre \u00e0 une \u00e9quipe motiv\u00e9e par les objectifs? \u00c0 l\u2019Institut canadien des actuaires (ICA), vous travaillerez aux c\u00f4t\u00e9s de coll\u00e8gues et leaders respectueux et solidaires qui ont votre bien-\u00eatre \u00e0 c\u0153ur. Ensemble, nous aspirons \u00e0 l\u2019excellence pour r\u00e9pondre aux besoins du public et de nos membres, tout en collaborant au sein d\u2019un environnement hybride et flexible dans lequel nous nous effor\u00e7ons chaque jour de donner le meilleur de nous-m\u00eames.&nbsp;<\/p>\n\n\n\n<h2 class=\"wp-block-heading\" id=\"h-la-securite-financiere-pour-toute-la-population-canadienne\">La s\u00e9curit\u00e9 financi\u00e8re pour toute la population canadienne<\/h2>\n\n\n\n<p>Notre association professionnelle canadienne \u00e0 but non lucratif, \u00e9tablie \u00e0 Ottawa, est souple, r\u00e9siliente et dynamique. En tant que membre de l\u2019\u00e9quipe de l\u2019ICA&nbsp;:<\/p>\n\n\n\n<div class=\"wp-block-columns is-layout-flex wp-container-core-columns-is-layout-1 wp-block-columns-is-layout-flex\">\n<div class=\"wp-block-column is-layout-flow wp-block-column-is-layout-flow\"><div class=\"wp-block-image\">\n<figure class=\"aligncenter size-full is-resized\"><img loading=\"lazy\" decoding=\"async\" width=\"300\" height=\"300\" src=\"https:\/\/www.cia-ica.ca\/app\/uploads\/2024\/11\/Webste-Icons_Circle_Frame-Presentation.png\" alt=\"Decorative icon\" class=\"wp-image-360569\" style=\"width:139px;height:auto\" srcset=\"https:\/\/www.cia-ica.ca\/app\/uploads\/2024\/11\/Webste-Icons_Circle_Frame-Presentation.png 300w, https:\/\/www.cia-ica.ca\/app\/uploads\/2024\/11\/Webste-Icons_Circle_Frame-Presentation-150x150.png 150w, https:\/\/www.cia-ica.ca\/app\/uploads\/2024\/11\/Webste-Icons_Circle_Frame-Presentation-200x200.png 200w, https:\/\/www.cia-ica.ca\/app\/uploads\/2024\/11\/Webste-Icons_Circle_Frame-Presentation-100x100.png 100w\" sizes=\"auto, (max-width: 300px) 100vw, 300px\" \/><\/figure><\/div>\n\n\n<p>Vous contribuerez \u00e0 am\u00e9liorer la qualit\u00e9 de vie des gens du Canada et d\u2019ailleurs dans le monde.<\/p>\n<\/div>\n\n\n\n<div class=\"wp-block-column is-layout-flow wp-block-column-is-layout-flow\"><div class=\"wp-block-image\">\n<figure class=\"aligncenter size-full is-resized\"><img loading=\"lazy\" decoding=\"async\" width=\"300\" height=\"300\" src=\"https:\/\/www.cia-ica.ca\/app\/uploads\/2023\/09\/The-CIA_What-We-Do_Icon_Professionalism.png\" alt=\"Decorative icon\" class=\"wp-image-2692\" style=\"width:139px;height:auto\" srcset=\"https:\/\/www.cia-ica.ca\/app\/uploads\/2023\/09\/The-CIA_What-We-Do_Icon_Professionalism.png 300w, https:\/\/www.cia-ica.ca\/app\/uploads\/2023\/09\/The-CIA_What-We-Do_Icon_Professionalism-100x100.png 100w, https:\/\/www.cia-ica.ca\/app\/uploads\/2023\/09\/The-CIA_What-We-Do_Icon_Professionalism-150x150.png 150w, https:\/\/www.cia-ica.ca\/app\/uploads\/2023\/09\/The-CIA_What-We-Do_Icon_Professionalism-200x200.png 200w\" sizes=\"auto, (max-width: 300px) 100vw, 300px\" \/><\/figure><\/div>\n\n\n<p>Vous ferez partie d\u2019une \u00e9quipe en croissance qui s\u2019\u00e9panouit gr\u00e2ce \u00e0 la diversit\u00e9 et \u00e0 l\u2019innovation.&nbsp;<\/p>\n<\/div>\n\n\n\n<div class=\"wp-block-column is-layout-flow wp-block-column-is-layout-flow\"><div class=\"wp-block-image\">\n<figure class=\"aligncenter size-full is-resized\"><img loading=\"lazy\" decoding=\"async\" width=\"300\" height=\"300\" src=\"https:\/\/www.cia-ica.ca\/app\/uploads\/2024\/11\/Webste-Icons_Circle_Frame_Briefcase.png\" alt=\"Decorative icon\" class=\"wp-image-360567\" style=\"width:139px;height:auto\" srcset=\"https:\/\/www.cia-ica.ca\/app\/uploads\/2024\/11\/Webste-Icons_Circle_Frame_Briefcase.png 300w, https:\/\/www.cia-ica.ca\/app\/uploads\/2024\/11\/Webste-Icons_Circle_Frame_Briefcase-150x150.png 150w, https:\/\/www.cia-ica.ca\/app\/uploads\/2024\/11\/Webste-Icons_Circle_Frame_Briefcase-200x200.png 200w, https:\/\/www.cia-ica.ca\/app\/uploads\/2024\/11\/Webste-Icons_Circle_Frame_Briefcase-100x100.png 100w\" sizes=\"auto, (max-width: 300px) 100vw, 300px\" \/><\/figure><\/div>\n\n\n<p>Vous soutiendrez nos membres et les personnes qu\u2019ils conseillent afin de leur permettre d\u2019avancer avec confiance dans un monde ax\u00e9 sur le changement.&nbsp;&nbsp;&nbsp;&nbsp;&nbsp;<\/p>\n<\/div>\n<\/div>\n\n\n\n<h2 class=\"wp-block-heading\" id=\"h-pourquoi-travailler-a-l-ica-nbsp\">Pourquoi travailler \u00e0 l\u2019ICA?&nbsp;<\/h2>\n\n\n\n<figure class=\"wp-block-image size-full\"><img loading=\"lazy\" decoding=\"async\" width=\"1024\" height=\"442\" src=\"https:\/\/www.cia-ica.ca\/app\/uploads\/2024\/12\/CIA_Wordcloud_Charcoal-FR.webp\" alt=\"Decorative image\" class=\"wp-image-362844\" srcset=\"https:\/\/www.cia-ica.ca\/app\/uploads\/2024\/12\/CIA_Wordcloud_Charcoal-FR.webp 1024w, https:\/\/www.cia-ica.ca\/app\/uploads\/2024\/12\/CIA_Wordcloud_Charcoal-FR-300x129.webp 300w, https:\/\/www.cia-ica.ca\/app\/uploads\/2024\/12\/CIA_Wordcloud_Charcoal-FR-768x332.webp 768w, https:\/\/www.cia-ica.ca\/app\/uploads\/2024\/12\/CIA_Wordcloud_Charcoal-FR-390x168.webp 390w, https:\/\/www.cia-ica.ca\/app\/uploads\/2024\/12\/CIA_Wordcloud_Charcoal-FR-600x259.webp 600w\" sizes=\"auto, (max-width: 1024px) 100vw, 1024px\" \/><\/figure>\n\n\n\n<div style=\"height:29px\" aria-hidden=\"true\" class=\"wp-block-spacer\"><\/div>\n\n\n  <div class=\"accordions\">\n                <div class=\"accordions__dropdown dropdown\">\n        <button id=\"content-dropdown-69d114ef604d6-toggle\" class=\"accordions__toggle dropdown__toggle\" aria-expanded=\"false\" aria-controls=\"content-dropdown-69d114ef604d6\">\n          Nous avons votre bien-\u00eatre et votre carri\u00e8re \u00e0 c\u0153ur          <i class=\"icon far fa-chevron-up\" aria-hidden=\"true\"><\/i>\n          <i class=\"icon far fa-chevron-down\" aria-hidden=\"true\"><\/i>\n        <\/button>\n        <div id=\"content-dropdown-69d114ef604d6\" class=\"accordions__content dropdown__content\" aria-expanded=\"false\" aria-labelledby=\"content-dropdown-69d114ef604d6-toggle\">\n          <p>Nous cultivons un milieu de travail s\u00fbr et inclusif dans lequel vous pouvez vous \u00e9panouir en donnant le meilleur de vous-m\u00eame. Individuellement, nous sommes des sp\u00e9cialistes, mais collectivement, nous favorisons un milieu de travail qui encourage la diversit\u00e9. Nous pr\u00f4nons la prise de d\u00e9cision collaborative et encourageons la communication ouverte afin de renforcer l\u2019autonomie de nos \u00e9quipes. Il s\u2019agit d\u2019une occasion exceptionnelle de prendre une part active \u00e0 la r\u00e9alisation de notre vision commune \u00e0 l\u2019\u00e9gard de la s\u00e9curit\u00e9 financi\u00e8re pour toute la population canadienne.<\/p>\n<p>Bon nombre de nos membres font partie int\u00e9grante de l\u2019ICA depuis au moins une d\u00e9cennie. Lorsqu\u2019on les interroge au sujet de leur exp\u00e9rience, la plupart d\u2019entre eux mentionnent que leur loyaut\u00e9 est attribuable, notamment, \u00e0 leur sentiment d\u2019appartenance, \u00e0 l\u2019atmosph\u00e8re positive et de collaboration et au respect mutuel. Notre organisation encourage l\u2019\u00e9quilibre entre la vie professionnelle et la vie personnelle.<\/p>\n<p>Quel que soit votre objectif, nos coll\u00e8gues et nos leaders sont pr\u00eats \u00e0 vous appuyer dans vos apprentissages et dans votre r\u00e9ussite, tant sur le plan professionnel que personnel. Nous savons que le bien-\u00eatre rejaillit de mani\u00e8re positive sur l\u2019entourage.<\/p>\n        <\/div>\n      <\/div>\n                <div class=\"accordions__dropdown dropdown\">\n        <button id=\"content-dropdown-69d114ef607b1-toggle\" class=\"accordions__toggle dropdown__toggle\" aria-expanded=\"false\" aria-controls=\"content-dropdown-69d114ef607b1\">\n          Souplesse et choix          <i class=\"icon far fa-chevron-up\" aria-hidden=\"true\"><\/i>\n          <i class=\"icon far fa-chevron-down\" aria-hidden=\"true\"><\/i>\n        <\/button>\n        <div id=\"content-dropdown-69d114ef607b1\" class=\"accordions__content dropdown__content\" aria-expanded=\"false\" aria-labelledby=\"content-dropdown-69d114ef607b1-toggle\">\n          <p>Nous priorisons la souplesse et le choix du mode et du lieu de travail, en tenant compte des besoins de l\u2019organisation et de ses membres. Notre mod\u00e8le de travail hybride vous permet de travailler depuis votre domicile ou au bureau, selon vos projets. Vous b\u00e9n\u00e9ficierez d\u2019un soutien technologique afin que votre lieu de travail ne compromette pas le travail d\u2019\u00e9quipe.<\/p>\n<p>Dans notre qu\u00eate d\u2019excellence, nous aspirons \u00e0 l\u2019am\u00e9lioration continue et recherchons des personnes qui remettent en question le statu quo en proposant et en \u00e9laborant des solutions cr\u00e9atives. Nous nous effor\u00e7ons d\u2019innover et valorisons la cr\u00e9ativit\u00e9. Nous encourageons les nouvelles id\u00e9es et les nouveaux points de vue pour servir les int\u00e9r\u00eats du public et des membres.<\/p>\n        <\/div>\n      <\/div>\n                <div class=\"accordions__dropdown dropdown\">\n        <button id=\"content-dropdown-69d114ef60920-toggle\" class=\"accordions__toggle dropdown__toggle\" aria-expanded=\"false\" aria-controls=\"content-dropdown-69d114ef60920\">\n          R\u00e9mun\u00e9ration et avantages sociaux          <i class=\"icon far fa-chevron-up\" aria-hidden=\"true\"><\/i>\n          <i class=\"icon far fa-chevron-down\" aria-hidden=\"true\"><\/i>\n        <\/button>\n        <div id=\"content-dropdown-69d114ef60920\" class=\"accordions__content dropdown__content\" aria-expanded=\"false\" aria-labelledby=\"content-dropdown-69d114ef60920-toggle\">\n          <p>Nous investissons dans votre bien-\u00eatre en offrant une r\u00e9mun\u00e9ration et des avantages sociaux concurrentiels con\u00e7us pour vous soutenir et vous aider \u00e0 faire face \u00e0 votre avenir financier en toute confiance.<\/p>\n<ul>\n<li><strong>Salaire de base concurrentiel<\/strong> : Pour que votre r\u00e9mun\u00e9ration suive l\u2019\u00e9volution de l\u2019indice des prix \u00e0 la consommation \u00e0 Ottawa, nous r\u00e9visons tous les trois ans notre administration des salaires afin de garantir le caract\u00e8re concurrentiel du salaire de base sur le march\u00e9 d\u2019Ottawa.<\/li>\n<li><strong>R\u00e9mun\u00e9ration au rendement<\/strong> : Nous reconnaissons le rendement sup\u00e9rieur en offrant des r\u00e9compenses ad\u00e9quates.<\/li>\n<li><strong>Cong\u00e9s et fermeture des bureaux<\/strong> : Nous offrons des cong\u00e9s annuels concurrentiels pour vous permettre de vous reposer, ainsi que des cong\u00e9s de maladie pour prendre soin de vous-m\u00eame ou d\u2019un proche, en cas de besoin. Nous offrons chaque ann\u00e9e aux membres de l\u2019\u00e9quipe \u00e0 temps plein quatre journ\u00e9es de mieux-\u00eatre avec lesquels ils et elles peuvent poursuivre des int\u00e9r\u00eats en dehors du travail. Nos bureaux sont ferm\u00e9s entre le 25 d\u00e9cembre et le 1er janvier pour que chaque membre de l\u2019\u00e9quipe profite du bon temps en famille et entre amis sans distraction li\u00e9e au travail. Pendant les mois d\u2019\u00e9t\u00e9, les membres de l\u2019\u00e9quipe peuvent opter pour la semaine de travail comprim\u00e9e, ce qui leur permet de travailler leurs 35 heures et de terminer \u00e0 midi le vendredi.<\/li>\n<li><strong>Avantages en mati\u00e8re de sant\u00e9 mentale, physique et de bien-\u00eatre<\/strong> : Nous offrons une gamme compl\u00e8te d\u2019options de couverture qui r\u00e9pondent \u00e0 vos besoins particuliers. Ces options comprennent l\u2019assurance maladie, l\u2019assurance dentaire, l\u2019assurance vie, ainsi que l\u2019assurance invalidit\u00e9 de courte et de longue dur\u00e9e, de m\u00eame que l\u2019assurance voyage et un programme d\u2019aide aux employ\u00e9s afin de faciliter la gestion de votre sant\u00e9 mentale et physique et celle des membres de votre famille. Les primes de la couverture individuelle sont enti\u00e8rement assum\u00e9es par l\u2019ICA, tandis que la couverture familiale est offerte \u00e0 frais raisonnables.<\/li>\n<li><strong>R\u00e9gime de retraite<\/strong> : Votre carri\u00e8re \u00e0 l\u2019ICA s\u2019accompagne d\u2019un r\u00e9gime de retraite qui vous aidera \u00e0 vous assurer un avenir s\u00fbr. G\u00e9r\u00e9 par les CAAT, le r\u00e9gime de retraite DBPlus vous permet de constituer facilement un revenu de retraite stable et s\u00fbr tout en travaillant. Vous aurez ainsi acc\u00e8s \u00e0 un revenu de retraite pr\u00e9visible \u00e0 vie, \u00e0 des prestations de survivant, \u00e0 des options de retraite anticip\u00e9e et plus encore (consultez le lien <a href=\"http:\/\/caatpension.ca\/pensionsfortalent\/fr\/\" target=\"_blank\" rel=\"noopener\">caatpension.ca\/pensionsfortalent\/fr\/<\/a>).<\/li>\n<li><strong>Occasions d\u2019apprentissage et de perfectionnement<\/strong> : Afin de soutenir le d\u00e9veloppement de votre carri\u00e8re, nous offrons de l\u2019aide financi\u00e8re pour vous permettre de suivre des cours et des formations li\u00e9s \u00e0 votre travail favorisant votre apprentissage et votre progression sur le plan professionnel.<\/li>\n<li><strong>Recrutement interne<\/strong> : Nous encourageons votre croissance professionnelle gr\u00e2ce au recrutement interne et \u00e0 des possibilit\u00e9s de promotion au sein de l\u2019ICA. Nous tenons \u00e0 garder nos coll\u00e8gues fiables et talentueux et c\u2019est pourquoi nous cherchons \u00e0 d\u00e9velopper les talents \u00e0 l\u2019interne avant de nous tourner vers l\u2019ext\u00e9rieur.<\/li>\n<\/ul>\n        <\/div>\n      <\/div>\n      <\/div>\n\n\n\n<h2 class=\"wp-block-heading\" id=\"h-notre-engagement-en-faveur-de-la-diversite-et-de-l-inclusivite\">Notre engagement en faveur de la diversit\u00e9 et de l\u2019inclusivit\u00e9<\/h2>\n\n\n\n<div class=\"wp-block-media-text is-stacked-on-mobile\"><figure class=\"wp-block-media-text__media\"><img loading=\"lazy\" decoding=\"async\" width=\"415\" height=\"254\" src=\"https:\/\/www.cia-ica.ca\/app\/uploads\/2024\/11\/Website-inclusivity.webp\" alt=\"A group of people in a work meeting.\" class=\"wp-image-360188 size-full\" srcset=\"https:\/\/www.cia-ica.ca\/app\/uploads\/2024\/11\/Website-inclusivity.webp 415w, https:\/\/www.cia-ica.ca\/app\/uploads\/2024\/11\/Website-inclusivity-300x184.webp 300w, https:\/\/www.cia-ica.ca\/app\/uploads\/2024\/11\/Website-inclusivity-327x200.webp 327w\" sizes=\"auto, (max-width: 415px) 100vw, 415px\" \/><\/figure><div class=\"wp-block-media-text__content\">\n<p>C\u2019est avec fiert\u00e9 que nous repr\u00e9sentons une multitude de communaut\u00e9s de partout au Canada et ailleurs dans le monde. Nous privil\u00e9gions des \u00e9quipes diversifi\u00e9es, qui aspirent \u00e0 l\u2019excellence et qui communiquent ouvertement \u00e0 l\u2019\u00e9chelle de l\u2019organisation. Nos pratiques d\u2019embauche sont inclusives, respectueuses et ouvertes \u00e0 tous et toutes.&nbsp;&nbsp;<\/p>\n\n\n\n<p>Au moyen de notre comit\u00e9 social et de nos leaders, vous aurez la possibilit\u00e9 de tisser des liens avec des personnes de partout dans l\u2019organisation. Que ce soit dans le cadre d\u2019activit\u00e9s sociales, d\u2019assembl\u00e9es g\u00e9n\u00e9rales pour le personnel, de s\u00e9ances virtuelles libres, d\u2019\u00e9v\u00e9nements festifs ou autres, vous trouverez \u00e0 l\u2019ICA une ambiance divertissante et de camaraderie.&nbsp;<\/p>\n<\/div><\/div>\n\n\n\n<h2 class=\"wp-block-heading\" id=\"h-decouvrez-ce-que-disent-les-gens-au-sujet-de-leur-travail-a-l-ica-nbsp\">D\u00e9couvrez ce que disent les gens au sujet de leur travail \u00e0 l\u2019ICA&nbsp;<\/h2>\n\n\n\n<div class=\"wp-block-media-text is-stacked-on-mobile\" style=\"grid-template-columns:15% auto\"><figure class=\"wp-block-media-text__media\"><img loading=\"lazy\" decoding=\"async\" width=\"200\" height=\"290\" src=\"https:\/\/www.cia-ica.ca\/app\/uploads\/2024\/12\/Reece6526bw.png\" alt=\"\" class=\"wp-image-363371 size-full\" srcset=\"https:\/\/www.cia-ica.ca\/app\/uploads\/2024\/12\/Reece6526bw.png 200w, https:\/\/www.cia-ica.ca\/app\/uploads\/2024\/12\/Reece6526bw-138x200.png 138w\" sizes=\"auto, (max-width: 200px) 100vw, 200px\" \/><\/figure><div class=\"wp-block-media-text__content\">\n<blockquote class=\"wp-block-quote is-layout-flow wp-block-quote-is-layout-flow\">\n<p>\u00c0 l&rsquo;ICA, nous ne cessons de chercher des moyens pour progresser et \u00e9voluer, or la collaboration joue un r\u00f4le essentiel dans ce cheminement. Faire partie d&rsquo;une \u00e9quipe qui valorise l&rsquo;innovation et se projette dans l&rsquo;avenir rend le travail ici une exp\u00e9rience enrichissante.<\/p>\n<cite><strong>Reece Dyche<\/strong>&nbsp;<br><strong>Membre de l&rsquo;\u00e9quipe depuis 2021<\/strong>&nbsp;<\/cite><\/blockquote>\n<\/div><\/div>\n\n\n\n<div class=\"wp-block-media-text is-stacked-on-mobile\" style=\"grid-template-columns:15% auto\"><figure class=\"wp-block-media-text__media\"><img loading=\"lazy\" decoding=\"async\" width=\"200\" height=\"290\" src=\"https:\/\/www.cia-ica.ca\/app\/uploads\/2024\/12\/Roxanne6573bw.png\" alt=\"\" class=\"wp-image-363373 size-full\" srcset=\"https:\/\/www.cia-ica.ca\/app\/uploads\/2024\/12\/Roxanne6573bw.png 200w, https:\/\/www.cia-ica.ca\/app\/uploads\/2024\/12\/Roxanne6573bw-138x200.png 138w\" sizes=\"auto, (max-width: 200px) 100vw, 200px\" \/><\/figure><div class=\"wp-block-media-text__content\">\n<blockquote class=\"wp-block-quote is-layout-flow wp-block-quote-is-layout-flow\">\n<p>Travailler \u00e0 l&rsquo;ICA a \u00e9t\u00e9 une exp\u00e9rience transformatrice pour moi. Je me suis vu offrir des opportunit\u00e9s de d\u00e9veloppement personnel et professionnel, fa\u00e7onnant ainsi ma carri\u00e8re telle qu&rsquo;elle est aujourd&rsquo;hui. Je suis reconnaissante d&rsquo;\u00eatre entour\u00e9e de personnes inspirantes qui m&rsquo;ont aid\u00e9e \u00e0 m&rsquo;\u00e9panouir dans mon r\u00f4le et bien plus encore.<\/p>\n<cite><strong>Roxanne Gaudreau<\/strong>&nbsp;<br><strong>Membre de l&rsquo;\u00e9quipe depuis 2005<\/strong>&nbsp;<\/cite><\/blockquote>\n<\/div><\/div>\n\n\n\n<div class=\"wp-block-media-text is-stacked-on-mobile\" style=\"grid-template-columns:15% auto\"><figure class=\"wp-block-media-text__media\"><img loading=\"lazy\" decoding=\"async\" width=\"200\" height=\"290\" src=\"https:\/\/www.cia-ica.ca\/app\/uploads\/2024\/12\/Staff-Headshots_Branded_Sheryl-1.png\" alt=\"\" class=\"wp-image-363375 size-full\" srcset=\"https:\/\/www.cia-ica.ca\/app\/uploads\/2024\/12\/Staff-Headshots_Branded_Sheryl-1.png 200w, https:\/\/www.cia-ica.ca\/app\/uploads\/2024\/12\/Staff-Headshots_Branded_Sheryl-1-138x200.png 138w\" sizes=\"auto, (max-width: 200px) 100vw, 200px\" \/><\/figure><div class=\"wp-block-media-text__content\">\n<blockquote class=\"wp-block-quote is-layout-flow wp-block-quote-is-layout-flow\">\n<p>Travailler \u00e0 l&rsquo;ICA a \u00e9t\u00e9 un parcours stimulant, o\u00f9 chaque d\u00e9fi offre l&rsquo;occasion de produire un impact consid\u00e9rable. La dynamique de l&rsquo;\u00e9quipe et la mission commune font de l&rsquo;ICA un endroit passionnant pour construire une carri\u00e8re.<\/p>\n<cite><strong>Sheryl Ghattas<\/strong>&nbsp;<br><strong>Membre de l&rsquo;\u00e9quipe depuis 2024<\/strong>&nbsp;<\/cite><\/blockquote>\n<\/div><\/div>\n\n\n\n<div class=\"wp-block-media-text is-stacked-on-mobile\" style=\"grid-template-columns:15% auto\"><figure class=\"wp-block-media-text__media\"><img loading=\"lazy\" decoding=\"async\" width=\"200\" height=\"290\" src=\"https:\/\/www.cia-ica.ca\/app\/uploads\/2024\/12\/Josee-G.png\" alt=\"\" class=\"wp-image-363377 size-full\" srcset=\"https:\/\/www.cia-ica.ca\/app\/uploads\/2024\/12\/Josee-G.png 200w, https:\/\/www.cia-ica.ca\/app\/uploads\/2024\/12\/Josee-G-138x200.png 138w\" sizes=\"auto, (max-width: 200px) 100vw, 200px\" \/><\/figure><div class=\"wp-block-media-text__content\">\n<blockquote class=\"wp-block-quote is-layout-flow wp-block-quote-is-layout-flow\">\n<p>En collaborant avec coll\u00e8gues et partenaires de divers horizons et ant\u00e9c\u00e9dents, nous favorisons l\u2019innovation \u00e0 l\u2019\u00e9chelle de l\u2019Institut. Il est \u00e0 la fois gratifiant et stimulant de tirer parti des d\u00e9couvertes, des apprentissages et des am\u00e9liorations issus de ces collaborations.&nbsp;<\/p>\n<cite><strong>Jos\u00e9e Gonthier<\/strong>&nbsp;<br><strong>Membre de l&rsquo;\u00e9quipe depuis 2008<\/strong>&nbsp;<\/cite><\/blockquote>\n<\/div><\/div>\n\n\n\n<h2 class=\"wp-block-heading has-text-align-center\" id=\"votre-avenir-commence-ici\">Votre avenir commence ici<\/h2>\n\n\n\n<p class=\"has-text-align-left\">Aucun poste disponible \u00e0 l\u2019ICA? Aucun probl\u00e8me\u202f: d\u00e9posez votre curriculum vitae aujourd\u2019hui!<\/p>\n\n\n\n<p class=\"has-text-align-left\">Pour d\u00e9poser votre candidature, veuillez transmettre votre lettre de pr\u00e9sentation et votre curriculum vitae \u00e0 Jacques Leduc, directeur, personnes et culture, en cliquant sur le bouton <strong>D\u00e9poser votre candidature<\/strong>. Seuls les candidats et candidates retenus pour une entrevue seront contact\u00e9s.&nbsp;&nbsp;<\/p>\n\n\n\n<div class=\"wp-block-buttons is-layout-flex wp-block-buttons-is-layout-flex\">\n<div class=\"wp-block-button\"><a class=\"wp-block-button__link wp-element-button\" href=\"mailto:jacques.leduc@cia-ica.ca\" target=\"_blank\" rel=\"noreferrer noopener\"><strong>D\u00e9poser votre candidature<\/strong> maintenant<\/a><\/div>\n<\/div>\n\n\n\n<p class=\"has-text-align-left\">Remarque : L\u2019ICA <u>n\u2019utilise pas<\/u> l\u2019intelligence artificielle pour passer en revue ou filtrer les curriculum vitae.<\/p>\n\n\n\n\n\n\n\n<div class=\"wp-block-columns is-layout-flex wp-container-core-columns-is-layout-2 wp-block-columns-is-layout-flex\">\n<div class=\"wp-block-column is-layout-flow wp-block-column-is-layout-flow\" id=\"future-starts-here\"><\/div>\n<\/div>\n\n\n\n<div style=\"height:33px\" aria-hidden=\"true\" class=\"wp-block-spacer\"><\/div>\n\n\n\n<div class=\"wp-block-columns is-layout-flex wp-container-core-columns-is-layout-3 wp-block-columns-is-layout-flex\">\n<div class=\"wp-block-column is-layout-flow wp-block-column-is-layout-flow\">\n<div style=\"background: #009990; height: 159px; margin-right: -32px;\">\n<p style=\"color: #ffffff; margin-left: 7%; padding-top: 1%;\"><strong>Vous \u00eates \u00e0 la recherche d\u2019un emploi en actuariat?<\/strong><br>Visitez la page des\u202femplois en actuariat, notre ressource sp\u00e9cialis\u00e9e au sujet de postes en actuariat au Canada.\u00a0<\/p>\n<p style=\"background: #ffffff; padding: 1% 2%; border: 2px solid #ffffff; border-radius: 5px; width: max-content; top: -15%; position: relative; margin-left: 7%;\"><a href=\"https:\/\/actuarialjobs.cia-ica.ca\/?locale=fr_ca\" target=\"_blank\" rel=\"noopener\"><strong>Explorez la Banque d&#8217;emplois en actuariat<\/strong><\/a><\/p><\/div>\n<\/div>\n\n\n\n<div class=\"wp-block-column is-layout-flow wp-block-column-is-layout-flow\">\n<figure class=\"wp-block-image size-full is-resized\"><img loading=\"lazy\" decoding=\"async\" width=\"253\" height=\"109\" src=\"https:\/\/www.cia-ica.ca\/app\/uploads\/2023\/10\/DEIAG_Contact_253x109.png\" alt=\"\" class=\"wp-image-6083\" style=\"object-fit:cover;width:369px;height:159px\"\/><\/figure>\n<\/div>\n<\/div>\n","protected":false},"excerpt":{"rendered":"<p>Nous reconnaissons et soulignons le caract\u00e8re unique des membres de notre \u00e9quipe en valorisant la diversit\u00e9 de leurs ant\u00e9c\u00e9dents et de leurs exp\u00e9riences de vie. Cette diversit\u00e9 enrichit nos pens\u00e9es, alimente nos id\u00e9es novatrices et stimule notre engagement \u00e0 accomplir [&hellip;]<\/p>\n","protected":false},"author":23331,"featured_media":360582,"parent":5037,"menu_order":12,"comment_status":"closed","ping_status":"closed","template":"page-templates\/flex-landing-page.php","meta":{"_acf_changed":false,"ep_exclude_from_search":false,"wicket_organization":"","footnotes":""},"class_list":["post-362415","page","type-page","status-publish","has-post-thumbnail","hentry"],"acf":[],"_links":{"self":[{"href":"https:\/\/www.cia-ica.ca\/fr\/wp-json\/wp\/v2\/pages\/362415","targetHints":{"allow":["GET"]}}],"collection":[{"href":"https:\/\/www.cia-ica.ca\/fr\/wp-json\/wp\/v2\/pages"}],"about":[{"href":"https:\/\/www.cia-ica.ca\/fr\/wp-json\/wp\/v2\/types\/page"}],"author":[{"embeddable":true,"href":"https:\/\/www.cia-ica.ca\/fr\/wp-json\/wp\/v2\/users\/23331"}],"replies":[{"embeddable":true,"href":"https:\/\/www.cia-ica.ca\/fr\/wp-json\/wp\/v2\/comments?post=362415"}],"version-history":[{"count":150,"href":"https:\/\/www.cia-ica.ca\/fr\/wp-json\/wp\/v2\/pages\/362415\/revisions"}],"predecessor-version":[{"id":632704,"href":"https:\/\/www.cia-ica.ca\/fr\/wp-json\/wp\/v2\/pages\/362415\/revisions\/632704"}],"up":[{"embeddable":true,"href":"https:\/\/www.cia-ica.ca\/fr\/wp-json\/wp\/v2\/pages\/5037"}],"wp:featuredmedia":[{"embeddable":true,"href":"https:\/\/www.cia-ica.ca\/fr\/wp-json\/wp\/v2\/media\/360582"}],"wp:attachment":[{"href":"https:\/\/www.cia-ica.ca\/fr\/wp-json\/wp\/v2\/media?parent=362415"}],"curies":[{"name":"wp","href":"https:\/\/api.w.org\/{rel}","templated":true}]}}