{"id":349390,"date":"2024-08-29T11:38:24","date_gmt":"2024-08-29T15:38:24","guid":{"rendered":"https:\/\/www.cia-ica.ca\/?page_id=349390"},"modified":"2024-09-13T17:02:46","modified_gmt":"2024-09-13T21:02:46","slug":"embaucher-un-actuaire","status":"publish","type":"page","link":"https:\/\/www.cia-ica.ca\/fr\/embaucher-un-actuaire\/","title":{"rendered":"Embaucher un actuaire"},"content":{"rendered":"\n<p>Ce r\u00e9pertoire dresse une liste des Fellows en r\u00e8gle de l\u2019ICA (FICA) qui ont choisi d\u2019\u00eatre contact\u00e9s par le public dans le but de retenir leurs services. Les FICA sont li\u00e9s par les <em><u><a href=\"https:\/\/www.cia-ica.ca\/fr\/publications\/223164e\/\">R\u00e8gles de d\u00e9ontologie<\/a><\/u> <\/em>et les<em> <u><a href=\"https:\/\/www.cia-ica.ca\/fr\/etre-membre\/normes-de-pratique\/\">Normes de pratique<\/a><\/u> <\/em>de l\u2019ICA.&nbsp;<\/p>\n\n\n\n<p>En offrant ce service de r\u00e9pertoire au public, l\u2019ICA ne donne aucune garantie ou repr\u00e9sentation concernant la comp\u00e9tence des actuaires inscrits, ni ne garantit la performance des services rendus par les actuaires inscrits. De plus, l\u2019ICA ne garantit pas l\u2019exactitude des coordonn\u00e9es. Toutes les informations contenues dans ce r\u00e9pertoire, telles que les coordonn\u00e9es, les d\u00e9tails du poste, le type d\u2019adh\u00e9sion et l\u2019\u00e9tat de conformit\u00e9 aux exigences de perfectionnement professionnel continu, ne doivent pas \u00eatre utilis\u00e9es dans des listes de diffusion ou des listes d\u2019actuaires quelles qu\u2019elles soient.&nbsp;<\/p>\n","protected":false},"excerpt":{"rendered":"<p>Ce r\u00e9pertoire dresse une liste des Fellows en r\u00e8gle de l\u2019ICA (FICA) qui ont choisi d\u2019\u00eatre contact\u00e9s par le public dans le but de retenir leurs services. Les FICA sont li\u00e9s par les R\u00e8gles de d\u00e9ontologie et les Normes de [&hellip;]<\/p>\n","protected":false},"author":23325,"featured_media":0,"parent":0,"menu_order":0,"comment_status":"closed","ping_status":"closed","template":"page-templates\/member-directory.php","meta":{"_acf_changed":false,"ep_exclude_from_search":false,"wicket_organization":"","footnotes":""},"class_list":["post-349390","page","type-page","status-publish","hentry"],"acf":[],"_links":{"self":[{"href":"https:\/\/www.cia-ica.ca\/fr\/wp-json\/wp\/v2\/pages\/349390","targetHints":{"allow":["GET"]}}],"collection":[{"href":"https:\/\/www.cia-ica.ca\/fr\/wp-json\/wp\/v2\/pages"}],"about":[{"href":"https:\/\/www.cia-ica.ca\/fr\/wp-json\/wp\/v2\/types\/page"}],"author":[{"embeddable":true,"href":"https:\/\/www.cia-ica.ca\/fr\/wp-json\/wp\/v2\/users\/23325"}],"replies":[{"embeddable":true,"href":"https:\/\/www.cia-ica.ca\/fr\/wp-json\/wp\/v2\/comments?post=349390"}],"version-history":[{"count":2,"href":"https:\/\/www.cia-ica.ca\/fr\/wp-json\/wp\/v2\/pages\/349390\/revisions"}],"predecessor-version":[{"id":350526,"href":"https:\/\/www.cia-ica.ca\/fr\/wp-json\/wp\/v2\/pages\/349390\/revisions\/350526"}],"wp:attachment":[{"href":"https:\/\/www.cia-ica.ca\/fr\/wp-json\/wp\/v2\/media?parent=349390"}],"curies":[{"name":"wp","href":"https:\/\/api.w.org\/{rel}","templated":true}]}}