{"id":334659,"date":"2024-04-23T09:14:12","date_gmt":"2024-04-23T13:14:12","guid":{"rendered":"https:\/\/www.cia-ica.ca\/?page_id=334659"},"modified":"2025-04-22T12:02:18","modified_gmt":"2025-04-22T16:02:18","slug":"daniel-pellerin","status":"publish","type":"page","link":"https:\/\/www.cia-ica.ca\/fr\/etre-membre\/vote-des-membres\/elections-de-lica\/rencontrez-vos-candidats-et-candidates\/daniel-pellerin\/","title":{"rendered":"Daniel Pellerin, FICA(1983)"},"content":{"rendered":"\n<iframe class=\"youtube-video\" src=\"https:\/\/www.youtube.com\/embed\/ieGRRb2kU00?si=Sa2YDzY8-S1RJ3K0\" title=\"YouTube video player\" frameborder=\"0\" allow=\"accelerometer; autoplay; clipboard-write; encrypted-media; gyroscope; picture-in-picture; web-share\" referrerpolicy=\"strict-origin-when-cross-origin\" allowfullscreen><\/iframe>\n\n\n\n<h2 class=\"wp-block-heading\" id=\"h-enonce-de-position\">\u00c9nonc\u00e9 de position<\/h2>\n\n\n\n<p>Ce serait pour moi un honneur de si\u00e9ger \u00e0 la pr\u00e9sidence de l\u2019Institut canadien des actuaires, tout particuli\u00e8rement \u00e0 l\u2019issue d\u2019une longue carri\u00e8re fructueuse que je dois \u00e0 mon appartenance \u00e0 une profession exigeante et hautement respect\u00e9e. J\u2019\u00e9prouve une immense fiert\u00e9 \u00e0 l\u2019\u00e9gard de la profession actuarielle. Cela est attribuable, en grande partie, au d\u00e9vouement de nos b\u00e9n\u00e9voles et au travail incessant de notre si\u00e8ge social, ainsi qu\u2019\u00e0 l\u2019engagement de chacun et chacune d\u2019entre vous \u00e0 assurer \u00e0 nos client\u00e8les des services de grande qualit\u00e9.<\/p>\n\n\n\n<h3 class=\"wp-block-heading\" id=\"h-un-apport-essentiel-a-notre-societe\">Un apport essentiel \u00e0 notre soci\u00e9t\u00e9<\/h3>\n\n\n\n<p>\u00c0 titre de pr\u00e9sident, j\u2019accorderais la priorit\u00e9 \u00e0 l\u2019accroissement de la pr\u00e9sence de notre profession \u00e0 l\u2019\u00e9chelle nationale et internationale. En cette \u00e8re o\u00f9 l\u2019information nous parvient \u00e0 un rythme effarant de toutes les directions, la profession actuarielle est assur\u00e9ment en mesure d\u2019apporter un point de vue objectif et \u00e9quilibr\u00e9 \u00e0 l\u2019\u00e9gard des nombreuses questions touchant \u00e0 la gestion des risques.&nbsp;<\/p>\n\n\n\n<h3 class=\"wp-block-heading\" id=\"h-notre-visibilite\">Notre visibilit\u00e9<\/h3>\n\n\n\n<p>Dans cette optique, nous devons assurer une grande visibilit\u00e9 aupr\u00e8s des principales parties prenantes, participer habilement aux d\u00e9bats et tirer parti de nos travaux avec d\u2019autres associations actuarielles. Nous devons \u00eatre reconnus \u00e0 titre de contributeurs essentiels \u00e0 la soci\u00e9t\u00e9. On doit aussi nous consid\u00e9rer comme des acteurs permettant de faciliter aux Canadiens et Canadiennes la gestion des risques financiers qui les entourent.<\/p>\n\n\n\n<h3 class=\"wp-block-heading\" id=\"h-notre-agilite-technique\">Notre agilit\u00e9 technique<\/h3>\n\n\n\n<p>Au cours des r\u00e9centes d\u00e9cennies, de nombreuses avanc\u00e9es techniques et des transformations soci\u00e9tales ont vu le jour, et le contexte actuel pourrait donner lieu \u00e0 des changements structurels sans pr\u00e9c\u00e9dent. Notre profession doit continuer \u00e0 s\u2019adapter aux changements. Notre syst\u00e8me d\u2019\u00e9ducation est essentiel pour garantir que tous nos membres, aspirants comme chevronn\u00e9s, sont comp\u00e9tents dans leur domaine de pratique.&nbsp;<\/p>\n\n\n\n<h3 class=\"wp-block-heading\" id=\"h-ma-proposition-de-valeur-pour-servir-l-institut\">Ma proposition de valeur pour servir l\u2019Institut<\/h3>\n\n\n\n<p>C\u2019est avec humilit\u00e9 que je mets mes qualifications particuli\u00e8res au service de l\u2019Institut pour favoriser son progr\u00e8s.<\/p>\n\n\n\n<p>Outre mes solides capacit\u00e9s de leadership et en mati\u00e8re technique, je suis reconnu pour mes habilet\u00e9s communicationnelles, mes comp\u00e9tences interpersonnelles et ma capacit\u00e9 de transmettre des renseignements techniques \u00e0 divers auditoires. Je serais ravi de soutenir l\u2019ICA \u00e0 ces \u00e9gards. Je parle couramment le fran\u00e7ais et l\u2019anglais.<\/p>\n\n\n\n<p>Mes engagements b\u00e9n\u00e9voles au sein de l\u2019ICA m\u2019ont m\u00e9rit\u00e9 le Prix excellence. J\u2019ai notamment \u00e0 mon actif une p\u00e9riode de service au sein du Conseil d\u2019administration de l\u2019ICA et une autre \u00e0 la pr\u00e9sidence de la Direction des services aux membres (qui \u00e9tait alors charg\u00e9e des communications et de la recherche). <\/p>\n\n\n\n<p>Je sollicite donc votre vote pour acc\u00e9der au poste de pr\u00e9sident d\u00e9sign\u00e9 de l\u2019ICA.<\/p>\n\n\n  <div class=\"accordions\">\n                <div class=\"accordions__dropdown dropdown\">\n        <button id=\"content-dropdown-69d372d03456a-toggle\" class=\"accordions__toggle dropdown__toggle\" aria-expanded=\"false\" aria-controls=\"content-dropdown-69d372d03456a\">\n          Ant\u00e9c\u00e9dents b\u00e9n\u00e9voles au sein de l&rsquo;ICA          <i class=\"icon far fa-chevron-up\" aria-hidden=\"true\"><\/i>\n          <i class=\"icon far fa-chevron-down\" aria-hidden=\"true\"><\/i>\n        <\/button>\n        <div id=\"content-dropdown-69d372d03456a\" class=\"accordions__content dropdown__content\" aria-expanded=\"false\" aria-labelledby=\"content-dropdown-69d372d03456a-toggle\">\n          <p><strong>2012-19 <\/strong>\u2013 Commission de pratique pour l\u2019actuaire d\u00e9sign\u00e9\/responsable de l\u2019\u00e9valuation<br \/>\n<strong>2016<\/strong> \u2013 Groupe d\u2019experts en mati\u00e8re de gouvernance sur la politique publique<br \/>\n<strong>2008-12<\/strong> \u2013 Direction de la pratique, membre<\/p>\n<ul>\n<li>2010-11 \u2013 Commission sur la gestion des risques, pr\u00e9sident<\/li>\n<\/ul>\n<p><strong>2008-11<\/strong> \u2013 Conseil d\u2019administration de l\u2019ICA, administrateur<br \/>\n<strong>2009-11 <\/strong>\u2013 Groupe de travail sur l\u2019examen de la R\u00e8gle 13 des R\u00e8gles de d\u00e9ontologie<br \/>\n<strong>2002-06<\/strong> \u2013 Direction des services aux membres<\/p>\n<ul>\n<li>2004-06 \u2013 pr\u00e9sident<\/li>\n<li>2003-04 \u2013 vice-pr\u00e9sident<\/li>\n<li>2002-03 \u2013 membre<\/li>\n<\/ul>\n<p><strong>2003-04 <\/strong>\u2013 Groupe de travail sur les rapports \u00e0 la Direction des services aux membres, pr\u00e9sident<br \/>\n<strong>2001-02<\/strong> \u2013 Groupe de travail sur les communications<br \/>\n<strong>1995-96<\/strong> \u2013 Commission sur l\u2019\u00e9ducation permanente<\/p>\n        <\/div>\n      <\/div>\n                <div class=\"accordions__dropdown dropdown\">\n        <button id=\"content-dropdown-69d372d0349ca-toggle\" class=\"accordions__toggle dropdown__toggle\" aria-expanded=\"false\" aria-controls=\"content-dropdown-69d372d0349ca\">\n          Renseignements compl\u00e9mentaires           <i class=\"icon far fa-chevron-up\" aria-hidden=\"true\"><\/i>\n          <i class=\"icon far fa-chevron-down\" aria-hidden=\"true\"><\/i>\n        <\/button>\n        <div id=\"content-dropdown-69d372d0349ca\" class=\"accordions__content dropdown__content\" aria-expanded=\"false\" aria-labelledby=\"content-dropdown-69d372d0349ca-toggle\">\n          <p>J\u2019ai r\u00e9cemment pris ma retraite apr\u00e8s avoir occup\u00e9 les postes de chef des services financiers et d\u2019actuaire d\u00e9sign\u00e9 au sein d\u2019une compagnie d\u2019assurance vie de taille moyenne. J\u2019y ai assum\u00e9 la direction des activit\u00e9s en finances, capital, placements, gestion des risques et tarification.<\/p>\n<p>Au fil des ans, j\u2019ai dirig\u00e9 activement les volets financiers et actuariels de plusieurs transformations op\u00e9rationnelles, par exemple, la mise en \u0153uvre des normes comptables IFRS 17, des fusions et acquisitions, ainsi que le d\u00e9veloppement des affaires.<\/p>\n<p>Dans mes temps libres, je joue de la musique avec divers groupes rock amateurs et, \u00e0 l\u2019occasion, je donne des prestations dans le cadre de spectacles \u00e0 Montr\u00e9al.<\/p>\n        <\/div>\n      <\/div>\n                <div class=\"accordions__dropdown dropdown\">\n        <button id=\"content-dropdown-69d372d034ac2-toggle\" class=\"accordions__toggle dropdown__toggle\" aria-expanded=\"false\" aria-controls=\"content-dropdown-69d372d034ac2\">\n          Question et r\u00e9ponse en lien avec la candidature          <i class=\"icon far fa-chevron-up\" aria-hidden=\"true\"><\/i>\n          <i class=\"icon far fa-chevron-down\" aria-hidden=\"true\"><\/i>\n        <\/button>\n        <div id=\"content-dropdown-69d372d034ac2\" class=\"accordions__content dropdown__content\" aria-expanded=\"false\" aria-labelledby=\"content-dropdown-69d372d034ac2-toggle\">\n          <p><strong>Que pensez-vous de l\u2019efficacit\u00e9 et de l\u2019importance de l\u2019ICA dans ses fonctions essentielles?<br \/>\n<\/strong><br \/>\nL\u2019ICA est une organisation dynamique qui, selon moi, fonctionne bien dans toutes les facettes auxquelles on s\u2019attend de la part d\u2019une association professionnelle respect\u00e9e.<\/p>\n<p>Je m\u2019efforcerais \u00e0 renforcer notre syst\u00e8me de qualification \u00ab fabriqu\u00e9 au Canada \u00bb, \u00e0 reconna\u00eetre la qualit\u00e9 de nos programmes universitaires, \u00e0 raccourcir le d\u00e9lai d\u2019accession au statut de Fellow et \u00e0 ce que les candidats et candidates dipl\u00f4m\u00e9s de notre syst\u00e8me d\u2019\u00e9ducation soient en mesure d\u2019accomplir du travail pratique peu apr\u00e8s leur embauche.<\/p>\n<p>La commandite de projets de recherche dans des domaines existants et en d\u00e9veloppement est un \u00e9l\u00e9ment crucial pour demeurer une profession pertinente. Les nouveaux outils et les nouvelles techniques devraient nous aider \u00e0 d\u00e9gager plus rapidement les tendances dans nos principaux domaines de comp\u00e9tence (tels que la mortalit\u00e9\/long\u00e9vit\u00e9, la morbidit\u00e9, les accidents, les ph\u00e9nom\u00e8nes naturels) et \u00e0 mieux conseiller nos auditoires.<\/p>\n<p>Je crois qu\u2019en mati\u00e8re de normalisation, de documents \u00e9ducatifs, de perfectionnement professionnel, de politiques publiques, de relations internationales, de protection de l\u2019int\u00e9r\u00eat public et de prise en charge des questions d\u00e9ontologiques, nous sommes efficaces et bien structur\u00e9s.<\/p>\n        <\/div>\n      <\/div>\n      <\/div>\n\n\n\n<p><\/p>\n\n\n\n<div class=\"wp-block-buttons is-layout-flex wp-block-buttons-is-layout-flex\">\n<div class=\"wp-block-button\"><a class=\"wp-block-button__link wp-element-button\" href=\"https:\/\/discourse.cia-ica.ca\/c\/members-membres\/elections\/31\" target=\"_blank\" rel=\"noreferrer noopener\">Participez aux discussions sur le CIA Forum de l&rsquo;ICA pour poser <br>vos questions et interagir avec les candidats et candidates.<\/a><\/div>\n<\/div>\n","protected":false},"excerpt":{"rendered":"<p>\u00c9nonc\u00e9 de position Ce serait pour moi un honneur de si\u00e9ger \u00e0 la pr\u00e9sidence de l\u2019Institut canadien des actuaires, tout particuli\u00e8rement \u00e0 l\u2019issue d\u2019une longue carri\u00e8re fructueuse que je dois \u00e0 mon appartenance \u00e0 une profession exigeante et hautement respect\u00e9e. [&hellip;]<\/p>\n","protected":false},"author":23331,"featured_media":0,"parent":335760,"menu_order":1,"comment_status":"closed","ping_status":"closed","template":"","meta":{"_acf_changed":false,"ep_exclude_from_search":false,"wicket_organization":"","footnotes":""},"class_list":["post-334659","page","type-page","status-publish","hentry"],"acf":[],"_links":{"self":[{"href":"https:\/\/www.cia-ica.ca\/fr\/wp-json\/wp\/v2\/pages\/334659","targetHints":{"allow":["GET"]}}],"collection":[{"href":"https:\/\/www.cia-ica.ca\/fr\/wp-json\/wp\/v2\/pages"}],"about":[{"href":"https:\/\/www.cia-ica.ca\/fr\/wp-json\/wp\/v2\/types\/page"}],"author":[{"embeddable":true,"href":"https:\/\/www.cia-ica.ca\/fr\/wp-json\/wp\/v2\/users\/23331"}],"replies":[{"embeddable":true,"href":"https:\/\/www.cia-ica.ca\/fr\/wp-json\/wp\/v2\/comments?post=334659"}],"version-history":[{"count":50,"href":"https:\/\/www.cia-ica.ca\/fr\/wp-json\/wp\/v2\/pages\/334659\/revisions"}],"predecessor-version":[{"id":603107,"href":"https:\/\/www.cia-ica.ca\/fr\/wp-json\/wp\/v2\/pages\/334659\/revisions\/603107"}],"up":[{"embeddable":true,"href":"https:\/\/www.cia-ica.ca\/fr\/wp-json\/wp\/v2\/pages\/335760"}],"wp:attachment":[{"href":"https:\/\/www.cia-ica.ca\/fr\/wp-json\/wp\/v2\/media?parent=334659"}],"curies":[{"name":"wp","href":"https:\/\/api.w.org\/{rel}","templated":true}]}}