{"id":2514,"date":"2023-09-11T19:18:26","date_gmt":"2023-09-11T19:18:26","guid":{"rendered":"https:\/\/cia-ica.ca\/wp\/councils\/"},"modified":"2026-01-21T14:58:04","modified_gmt":"2026-01-21T19:58:04","slug":"directions","status":"publish","type":"page","link":"https:\/\/www.cia-ica.ca\/fr\/lica\/directions\/","title":{"rendered":"Directions"},"content":{"rendered":"\n<p>Six directions accomplissent la majeure partie des travaux de l\u2019ICA et chacune supervise un nombre de commissions, sous-commissions et groupes de travail compos\u00e9s de membres b\u00e9n\u00e9voles. Ces groupes s\u2019occupent de diverses facettes de la pratique actuarielle, recueillent et diffusent des renseignements pr\u00e9sentant un int\u00e9r\u00eat pour les actuaires, et assurent une liaison entre l\u2019Institut et divers organismes externes.&nbsp;<\/p>\n\n\n\n<div class=\"wp-block-columns is-layout-flex wp-container-core-columns-is-layout-1 wp-block-columns-is-layout-flex\">\n<div class=\"wp-block-column is-layout-flow wp-block-column-is-layout-flow\">\n<h3 class=\"wp-block-heading\" id=\"h-conseils-en-matiere-d-actuariat\"><strong><strong><strong>Conseils en mati\u00e8re d\u2019actuariat<\/strong><\/strong><\/strong><\/h3>\n\n\n\n<figure class=\"wp-block-image\"><img loading=\"lazy\" decoding=\"async\" width=\"300\" height=\"215\" src=\"https:\/\/cia-ica.ca\/app\/uploads\/2023\/09\/Councils_Grid-Tiles_430x600_Actuarial-Guidance-300x215.png\" alt=\"Un groupe de personnes regardent un \u00e9cran d\u2019ordinateur.\" class=\"wp-image-2031\" srcset=\"https:\/\/www.cia-ica.ca\/app\/uploads\/2023\/09\/Councils_Grid-Tiles_430x600_Actuarial-Guidance-300x215.png 300w, https:\/\/www.cia-ica.ca\/app\/uploads\/2023\/09\/Councils_Grid-Tiles_430x600_Actuarial-Guidance-279x200.png 279w, https:\/\/www.cia-ica.ca\/app\/uploads\/2023\/09\/Councils_Grid-Tiles_430x600_Actuarial-Guidance.png 600w\" sizes=\"auto, (max-width: 300px) 100vw, 300px\" \/><\/figure>\n\n\n  <div class=\"call-to-action\">\n    <p>La Direction des conseils en mati\u00e8re d\u2019actuariat aide l\u2019ICA \u00e0 \u00e9laborer, adopter, interpr\u00e9ter et surveiller des documents d\u2019orientation ainsi qu\u2019\u00e0 contribuer aux normes de pratique pour permettre \u00e0 l\u2019Institut et \u00e0 ses membres de maintenir la plus haute qualit\u00e9 possible de pratique actuarielle dans tous les domaines. <\/p>\n                <a class=\"button button--tertiary\" href=\"https:\/\/cia-ica.ca\/fr\/publications\/\" target=\"_self\">\n        <span>Explorez les documents d\u2019orientation<\/span>\n        <i class=\"far fa-arrow-right\" aria-hidden=\"true\"><\/i>\n      <\/a>\n      <\/div>\n<\/div>\n\n\n\n<div class=\"wp-block-column is-layout-flow wp-block-column-is-layout-flow\">\n<h3 class=\"wp-block-heading\" id=\"h-education-et-qualification\"><strong><strong><strong>\u00c9ducation et qualification<\/strong><\/strong><\/strong><\/h3>\n\n\n\n<figure class=\"wp-block-image\"><img loading=\"lazy\" decoding=\"async\" width=\"300\" height=\"215\" src=\"https:\/\/cia-ica.ca\/app\/uploads\/2023\/09\/Councils_Grid-Tiles_430x600_Education-Qualification-300x215.png\" alt=\"Un homme et une femme regardent un ordinateur.\" class=\"wp-image-2033\" srcset=\"https:\/\/www.cia-ica.ca\/app\/uploads\/2023\/09\/Councils_Grid-Tiles_430x600_Education-Qualification-300x215.png 300w, https:\/\/www.cia-ica.ca\/app\/uploads\/2023\/09\/Councils_Grid-Tiles_430x600_Education-Qualification-279x200.png 279w, https:\/\/www.cia-ica.ca\/app\/uploads\/2023\/09\/Councils_Grid-Tiles_430x600_Education-Qualification.png 600w\" sizes=\"auto, (max-width: 300px) 100vw, 300px\" \/><\/figure>\n\n\n  <div class=\"call-to-action\">\n    <p>La Direction de l\u2019\u00e9ducation et de la qualification aide l\u2019ICA \u00e0 \u00e9laborer et \u00e0 superviser les exigences et les programmes d\u2019adh\u00e9sion, de titres de comp\u00e9tence et d\u2019\u00e9ducation de l\u2019ICA afin de permettre \u00e0 l\u2019Institut et \u00e0 ses membres d\u2019assurer la qualit\u00e9 et la pertinence continues de l\u2019\u00e9ducation et des titres actuariels au Canada.<\/p>\n                <a class=\"button button--tertiary\" href=\"https:\/\/www.cia-ica.ca\/fr\/commencer-votre-parcours\/education-actuarielle-au-canada\/\" target=\"_self\">\n        <span>Comprendre l\u2019\u00e9ducation en actuariat au Canada<\/span>\n        <i class=\"far fa-arrow-right\" aria-hidden=\"true\"><\/i>\n      <\/a>\n      <\/div>\n<\/div>\n<\/div>\n\n\n\n<div class=\"wp-block-columns is-layout-flex wp-container-core-columns-is-layout-2 wp-block-columns-is-layout-flex\">\n<div class=\"wp-block-column is-layout-flow wp-block-column-is-layout-flow\">\n<h3 class=\"wp-block-heading\" id=\"h-affaires-internationales-nbsp\"><strong><strong><strong>Affaires internationales<\/strong>&nbsp;<\/strong><\/strong><\/h3>\n\n\n\n<figure class=\"wp-block-image\"><img loading=\"lazy\" decoding=\"async\" width=\"300\" height=\"215\" src=\"https:\/\/cia-ica.ca\/app\/uploads\/2023\/09\/Councils_Grid-Tiles_430x600_International-Affairs-300x215.png\" alt=\"Un groupe de personnes assises \u00e0 une table.\" class=\"wp-image-2035\" srcset=\"https:\/\/www.cia-ica.ca\/app\/uploads\/2023\/09\/Councils_Grid-Tiles_430x600_International-Affairs-300x215.png 300w, https:\/\/www.cia-ica.ca\/app\/uploads\/2023\/09\/Councils_Grid-Tiles_430x600_International-Affairs-279x200.png 279w, https:\/\/www.cia-ica.ca\/app\/uploads\/2023\/09\/Councils_Grid-Tiles_430x600_International-Affairs.png 600w\" sizes=\"auto, (max-width: 300px) 100vw, 300px\" \/><\/figure>\n\n\n  <div class=\"call-to-action\">\n    <p>La Direction des affaires internationales aide l\u2019ICA \u00e0 se connecter, collaborer et coordonner des activit\u00e9s avec des organisations homologues d\u2019autres pays pour permettre \u00e0 l\u2019Institut et \u00e0 ses membres de contribuer de mani\u00e8re significative et de maximiser son impact sur la sc\u00e8ne mondiale. <\/p>\n                <a class=\"button button--tertiary\" href=\"https:\/\/www.voiraudeladurisque.ca\/2023\/05\/lica-sur-la-scene-internationale\/\" target=\"_blank\">\n        <span>Influencer la profession \u00e0 l\u2019\u00e9chelle internationale<\/span>\n        <i class=\"far fa-arrow-right\" aria-hidden=\"true\"><\/i>\n      <\/a>\n      <\/div>\n<\/div>\n\n\n\n<div class=\"wp-block-column is-layout-flow wp-block-column-is-layout-flow\">\n<h3 class=\"wp-block-heading\" id=\"h-developpement-de-la-pratique\"><strong><strong><strong>D\u00e9veloppement de la pratique<\/strong><\/strong><\/strong><\/h3>\n\n\n\n<figure class=\"wp-block-image\"><img loading=\"lazy\" decoding=\"async\" width=\"300\" height=\"215\" src=\"https:\/\/cia-ica.ca\/app\/uploads\/2023\/09\/Councils_Grid-Tiles_430x600_Practice-Development-300x215.png\" alt=\"Un groupe de personnes assises dans une pi\u00e8ce.\" class=\"wp-image-2037\" srcset=\"https:\/\/www.cia-ica.ca\/app\/uploads\/2023\/09\/Councils_Grid-Tiles_430x600_Practice-Development-300x215.png 300w, https:\/\/www.cia-ica.ca\/app\/uploads\/2023\/09\/Councils_Grid-Tiles_430x600_Practice-Development-279x200.png 279w, https:\/\/www.cia-ica.ca\/app\/uploads\/2023\/09\/Councils_Grid-Tiles_430x600_Practice-Development.png 600w\" sizes=\"auto, (max-width: 300px) 100vw, 300px\" \/><\/figure>\n\n\n  <div class=\"call-to-action\">\n    <p>La Direction du d\u00e9veloppement de la pratique aide l\u2019ICA \u00e0 d\u00e9velopper des domaines de pratique traditionnels et \u00e9mergents, \u00e0 promouvoir l\u2019embauche d\u2019actuaires dans des r\u00f4les non traditionnels, \u00e0 prioriser les normes de pratique et \u00e0 permettre \u00e0 l\u2019Institut et \u00e0 ses membres de faire progresser et d\u2019\u00e9largir la pratique actuarielle au Canada. <\/p>\n                <a class=\"button button--tertiary\" href=\"https:\/\/cia-ica.ca\/fr\/etre-membre\/normes-de-pratique\/\" target=\"_self\">\n        <span>Examiner les normes de pratique<\/span>\n        <i class=\"far fa-arrow-right\" aria-hidden=\"true\"><\/i>\n      <\/a>\n      <\/div>\n<\/div>\n<\/div>\n\n\n\n<div class=\"wp-block-columns is-layout-flex wp-container-core-columns-is-layout-3 wp-block-columns-is-layout-flex\">\n<div class=\"wp-block-column is-layout-flow wp-block-column-is-layout-flow\">\n<h3 class=\"wp-block-heading\" id=\"h-affaires-publiques\"><strong><strong>Affaires publiques<\/strong><\/strong><\/h3>\n\n\n\n<figure class=\"wp-block-image\"><img loading=\"lazy\" decoding=\"async\" width=\"300\" height=\"215\" src=\"https:\/\/cia-ica.ca\/app\/uploads\/2023\/09\/Councils_Grid-Tiles_430x600_Public-Affairs-300x215.png\" alt=\"Un groupe de personnes qui marchent.\" class=\"wp-image-2039\" srcset=\"https:\/\/www.cia-ica.ca\/app\/uploads\/2023\/09\/Councils_Grid-Tiles_430x600_Public-Affairs-300x215.png 300w, https:\/\/www.cia-ica.ca\/app\/uploads\/2023\/09\/Councils_Grid-Tiles_430x600_Public-Affairs-279x200.png 279w, https:\/\/www.cia-ica.ca\/app\/uploads\/2023\/09\/Councils_Grid-Tiles_430x600_Public-Affairs.png 600w\" sizes=\"auto, (max-width: 300px) 100vw, 300px\" \/><\/figure>\n\n\n  <div class=\"call-to-action\">\n    <p>La Direction des affaires publiques aide l\u2019ICA \u00e0 identifier les enjeux et les initiatives qui offrent \u00e0 l\u2019Institut et \u00e0 ses membres des occasions de dialoguer avec les d\u00e9cideurs, d\u2019\u00e9clairer les politiques et de servir l\u2019int\u00e9r\u00eat public. <\/p>\n                <a class=\"button button--tertiary\" href=\"https:\/\/www.cia-ica.ca\/fr\/enonces-publics\/\" target=\"_self\">\n        <span>D\u00e9couvrez nos conseils aux parties prenantes<\/span>\n        <i class=\"far fa-arrow-right\" aria-hidden=\"true\"><\/i>\n      <\/a>\n      <\/div>\n<\/div>\n\n\n\n<div class=\"wp-block-column is-layout-flow wp-block-column-is-layout-flow\">\n<h3 class=\"wp-block-heading\" id=\"h-recherche\"><strong><strong>Recherche<\/strong><\/strong><\/h3>\n\n\n\n<figure class=\"wp-block-image\"><img loading=\"lazy\" decoding=\"async\" width=\"300\" height=\"215\" src=\"https:\/\/cia-ica.ca\/app\/uploads\/2023\/09\/Councils_Grid-Tiles_430x600_Research-300x215.png\" alt=\"Une personne assise \u00e0 une table avec un ordinateur.\" class=\"wp-image-2041\" srcset=\"https:\/\/www.cia-ica.ca\/app\/uploads\/2023\/09\/Councils_Grid-Tiles_430x600_Research-300x215.png 300w, https:\/\/www.cia-ica.ca\/app\/uploads\/2023\/09\/Councils_Grid-Tiles_430x600_Research-279x200.png 279w, https:\/\/www.cia-ica.ca\/app\/uploads\/2023\/09\/Councils_Grid-Tiles_430x600_Research.png 600w\" sizes=\"auto, (max-width: 300px) 100vw, 300px\" \/><\/figure>\n\n\n  <div class=\"call-to-action\">\n    <p>La Direction de la recherche aide l\u2019ICA \u00e0 coordonner, d\u00e9velopper, distribuer et promouvoir des recherches pertinentes et des projets de recherche conjoints afin de positionner l\u2019Institut, ses membres et ses partenaires en tant que leaders d\u2019opinion avant-gardistes et collaboratifs. <\/p>\n                <a class=\"button button--tertiary\" href=\"https:\/\/www.cia-ica.ca\/fr\/recherche\/\" target=\"_self\">\n        <span>Restez \u00e0 l\u2019aff\u00fbt des derni\u00e8res recherches<\/span>\n        <i class=\"far fa-arrow-right\" aria-hidden=\"true\"><\/i>\n      <\/a>\n      <\/div>\n<\/div>\n<\/div>\n","protected":false},"excerpt":{"rendered":"<p>Six directions accomplissent la majeure partie des travaux de l\u2019ICA et chacune supervise un nombre de commissions, sous-commissions et groupes de travail compos\u00e9s de membres b\u00e9n\u00e9voles. Ces groupes s\u2019occupent de diverses facettes de la pratique actuarielle, recueillent et diffusent des [&hellip;]<\/p>\n","protected":false},"author":1,"featured_media":0,"parent":5037,"menu_order":2,"comment_status":"closed","ping_status":"closed","template":"","meta":{"_acf_changed":false,"ep_exclude_from_search":false,"wicket_organization":"","footnotes":""},"class_list":["post-2514","page","type-page","status-publish","hentry"],"acf":[],"_links":{"self":[{"href":"https:\/\/www.cia-ica.ca\/fr\/wp-json\/wp\/v2\/pages\/2514","targetHints":{"allow":["GET"]}}],"collection":[{"href":"https:\/\/www.cia-ica.ca\/fr\/wp-json\/wp\/v2\/pages"}],"about":[{"href":"https:\/\/www.cia-ica.ca\/fr\/wp-json\/wp\/v2\/types\/page"}],"author":[{"embeddable":true,"href":"https:\/\/www.cia-ica.ca\/fr\/wp-json\/wp\/v2\/users\/1"}],"replies":[{"embeddable":true,"href":"https:\/\/www.cia-ica.ca\/fr\/wp-json\/wp\/v2\/comments?post=2514"}],"version-history":[{"count":24,"href":"https:\/\/www.cia-ica.ca\/fr\/wp-json\/wp\/v2\/pages\/2514\/revisions"}],"predecessor-version":[{"id":716975,"href":"https:\/\/www.cia-ica.ca\/fr\/wp-json\/wp\/v2\/pages\/2514\/revisions\/716975"}],"up":[{"embeddable":true,"href":"https:\/\/www.cia-ica.ca\/fr\/wp-json\/wp\/v2\/pages\/5037"}],"wp:attachment":[{"href":"https:\/\/www.cia-ica.ca\/fr\/wp-json\/wp\/v2\/media?parent=2514"}],"curies":[{"name":"wp","href":"https:\/\/api.w.org\/{rel}","templated":true}]}}