{"id":13179,"date":"2023-08-23T14:04:19","date_gmt":"2023-08-23T14:04:19","guid":{"rendered":"https:\/\/cia-ica.ca\/actuaries\/practice-areas\/property-and-casualty-insurance\/"},"modified":"2025-10-08T12:17:39","modified_gmt":"2025-10-08T16:17:39","slug":"assurances-iard","status":"publish","type":"page","link":"https:\/\/www.cia-ica.ca\/fr\/les-actuaires\/domaines-de-pratique\/assurances-iard\/","title":{"rendered":"Assurances IARD"},"content":{"rendered":"\n<p>En plus des soci\u00e9t\u00e9s d\u2019assurance vie, de nombreuses compagnies offrent des assurances IARD au Canada. Alors que l\u2019assurance vie couvre les risques li\u00e9s \u00e0 la mortalit\u00e9 et \u00e0 la morbidit\u00e9 humaines, les assurances IARD sont ax\u00e9es sur les risques qui entra\u00eenent des pertes li\u00e9es aux biens et aux possessions. Voici quelques exemples :&nbsp;<\/p>\n\n\n\n<ul class=\"wp-block-list\">\n<li>L\u2019assurance automobile, qui couvre les pertes subies par les particuliers et les biens en raison d\u2019accidents et d\u2019autres \u00e9v\u00e9nements impr\u00e9vus;&nbsp;&nbsp;<\/li>\n\n\n\n<li>L\u2019assurance habitation\/biens, qui couvre les dommages aux r\u00e9sidences et aux biens r\u00e9sultant de ph\u00e9nom\u00e8nes m\u00e9t\u00e9orologiques violents, d\u2019incendies, de vols et d\u2019autres dangers, ainsi que la responsabilit\u00e9 des tiers d\u00e9coulant de l\u2019action de l\u2019assur\u00e9;&nbsp;&nbsp;<\/li>\n\n\n\n<li>L\u2019assurance contre les catastrophes, qui couvre les catastrophes d\u2019origine environnementale ou humaine (p. ex. inondations, tremblements de terre, attaques terroristes, ouragans);&nbsp;&nbsp;<\/li>\n\n\n\n<li>L\u2019assurance commerciale, qui couvre des risques semblables \u00e0 ceux de l\u2019assurance habitation et peut \u00e9galement comprendre des couvertures comme l\u2019assurance contre les pertes d\u2019exploitation;&nbsp;&nbsp;<\/li>\n\n\n\n<li>L\u2019assurance maritime, qui couvre les pertes subies par les v\u00e9hicules de transport maritime et leur cargaison;<\/li>\n\n\n\n<li>L\u2019assurance responsabilit\u00e9 professionnelle, qui couvre les pertes subies par les clients d\u2019un professionnel ou d\u2019une professionnelle en raison d\u2019erreurs ou d\u2019omissions;&nbsp;<\/li>\n\n\n\n<li>L\u2019assurance cybern\u00e9tique, qui couvre les entreprises contre les risques li\u00e9s \u00e0 l\u2019Internet et les risques li\u00e9s \u00e0 l\u2019infrastructure et aux activit\u00e9s des technologies de l\u2019information.&nbsp;<\/li>\n<\/ul>\n\n\n\n<p>\u00c9tant donn\u00e9 que le contexte dans lequel nous vivons est en constante \u00e9volution, les actuaires sont fortement appel\u00e9s \u00e0 refl\u00e9ter la dynamique changeante des fonctions de souscription et de tarification, et jouent un r\u00f4le de premier plan dans l\u2019\u00e9tablissement des forces et de la stabilit\u00e9 financi\u00e8res des fonctions de constitution de r\u00e9serves et de pr\u00e9sentation de l\u2019information financi\u00e8re. Voici quelques-uns des nouveaux domaines dans lesquels les actuaires en assurances IARD peuvent appliquer leurs comp\u00e9tences&nbsp;:<\/p>\n\n\n\n<ul class=\"wp-block-list\">\n<li>L\u2019analyse des sinistres et la science des donn\u00e9es;&nbsp;<\/li>\n\n\n\n<li>Le d\u00e9veloppement de nouveaux produits d\u2019assurance, comme la cyberassurance et la t\u00e9l\u00e9matique;&nbsp;<\/li>\n\n\n\n<li>La tarification des risques li\u00e9s aux changements climatiques;&nbsp;<\/li>\n\n\n\n<li>La gestion du risque d\u2019entreprise;&nbsp;<\/li>\n\n\n\n<li>Le dialogue avec les organismes de r\u00e9glementation sur la promotion de la stabilit\u00e9 financi\u00e8re canadienne et de l\u2019offre de produits d\u2019assurance \u00e9quitables.&nbsp;<\/li>\n<\/ul>\n\n\n\n<p><strong><strong>Vous voulez savoir comment les actuaires aident \u00e0 d\u00e9terminer l\u2019assurance de votre maison, de votre voiture ou de votre entreprise? Consultez nos ressources&nbsp;ci-dessous\u202f:<\/strong>&nbsp;<\/strong><\/p>\n\n\n\n<h3 class=\"wp-block-heading\" id=\"h-ressources-sur-la-pratique-des-assurances-iard-nbsp\"><strong>Ressources sur la pratique des assurances IARD&nbsp;<\/strong><\/h3>\n\n\n\n<h4 class=\"wp-block-heading\" id=\"h-perspectives-mondiales-et-recherches-en-actuariat-nbsp\">Perspectives mondiales et recherches en actuariat&nbsp;<\/h4>\n\n\n\n<ul class=\"wp-block-list\">\n<li><a href=\"https:\/\/actuaries.org\/paper\/lessons-learned-from-pandemics\/\" target=\"_blank\" rel=\"noreferrer noopener\"><strong>Le\u00e7ons tir\u00e9es des pand\u00e9mies (en anglais)<\/strong><\/a><strong>\u202f<\/strong><br>Ce document informatif de l\u2019Association actuarielle internationale examine de fa\u00e7on r\u00e9trospective comment des pand\u00e9mies telles que la COVID-19, le VIH\/SIDA et la grippe de 1918 ont influenc\u00e9 les r\u00e9ponses mondiales en mati\u00e8re de sant\u00e9.<strong> <\/strong>Il fournit aux actuaires et aux d\u00e9cideurs des renseignements sur les strat\u00e9gies de pr\u00e9paration et d\u2019att\u00e9nuation des risques.\u00a0<\/li>\n<\/ul>\n","protected":false},"excerpt":{"rendered":"<p>En plus des soci\u00e9t\u00e9s d\u2019assurance vie, de nombreuses compagnies offrent des assurances IARD au Canada. Alors que l\u2019assurance vie couvre les risques li\u00e9s \u00e0 la mortalit\u00e9 et \u00e0 la morbidit\u00e9 humaines, les assurances IARD sont ax\u00e9es sur les risques qui [&hellip;]<\/p>\n","protected":false},"author":1,"featured_media":0,"parent":2552,"menu_order":13,"comment_status":"closed","ping_status":"closed","template":"","meta":{"_acf_changed":false,"ep_exclude_from_search":false,"wicket_organization":"","footnotes":""},"class_list":["post-13179","page","type-page","status-publish","hentry"],"acf":[],"_links":{"self":[{"href":"https:\/\/www.cia-ica.ca\/fr\/wp-json\/wp\/v2\/pages\/13179","targetHints":{"allow":["GET"]}}],"collection":[{"href":"https:\/\/www.cia-ica.ca\/fr\/wp-json\/wp\/v2\/pages"}],"about":[{"href":"https:\/\/www.cia-ica.ca\/fr\/wp-json\/wp\/v2\/types\/page"}],"author":[{"embeddable":true,"href":"https:\/\/www.cia-ica.ca\/fr\/wp-json\/wp\/v2\/users\/1"}],"replies":[{"embeddable":true,"href":"https:\/\/www.cia-ica.ca\/fr\/wp-json\/wp\/v2\/comments?post=13179"}],"version-history":[{"count":14,"href":"https:\/\/www.cia-ica.ca\/fr\/wp-json\/wp\/v2\/pages\/13179\/revisions"}],"predecessor-version":[{"id":627421,"href":"https:\/\/www.cia-ica.ca\/fr\/wp-json\/wp\/v2\/pages\/13179\/revisions\/627421"}],"up":[{"embeddable":true,"href":"https:\/\/www.cia-ica.ca\/fr\/wp-json\/wp\/v2\/pages\/2552"}],"wp:attachment":[{"href":"https:\/\/www.cia-ica.ca\/fr\/wp-json\/wp\/v2\/media?parent=13179"}],"curies":[{"name":"wp","href":"https:\/\/api.w.org\/{rel}","templated":true}]}}